{"id":10871,"date":"2023-02-10T15:56:54","date_gmt":"2023-02-10T12:56:54","guid":{"rendered":"https:\/\/www.farklabs.com\/?page_id=10871"},"modified":"2023-02-10T20:10:31","modified_gmt":"2023-02-10T17:10:31","slug":"is-firsatlari","status":"publish","type":"page","link":"https:\/\/www.farklabs.com\/tr\/aramiza-katilin\/is-firsatlari\/","title":{"rendered":"G\u00fcncel \u0130\u015f \u0130lanlar\u0131"},"content":{"rendered":"","protected":false},"excerpt":{"rendered":"","protected":false},"author":1,"featured_media":7771,"parent":7770,"menu_order":0,"comment_status":"closed","ping_status":"closed","template":"page-jobopenings.php","meta":{"_acf_changed":false,"om_disable_all_campaigns":false,"footnotes":""},"class_list":["post-10871","page","type-page","status-publish","has-post-thumbnail","hentry","entry"],"acf":[],"yoast_head":"<!-- This site is optimized with the Yoast SEO Premium plugin v27.3 (Yoast SEO v27.3) - https:\/\/yoast.com\/product\/yoast-seo-premium-wordpress\/ -->\n<title>Fark Labs - Kariyer F\u0131rsatlar\u0131<\/title>\n<meta name=\"description\" content=\"En g\u00fcncel pozisyonlar i\u00e7in ba\u015fvuru yap\u0131n, gelece\u011finizin yolculu\u011funa ba\u015flay\u0131n ve kariyerinizi Fark Labs ile birlikte geli\u015ftirin.\" \/>\n<meta name=\"robots\" content=\"index, follow, max-snippet:-1, max-image-preview:large, max-video-preview:-1\" \/>\n<link rel=\"canonical\" href=\"https:\/\/www.farklabs.com\/tr\/aramiza-katilin\/is-firsatlari\/\" \/>\n<meta property=\"og:locale\" content=\"tr_TR\" \/>\n<meta property=\"og:type\" content=\"article\" \/>\n<meta property=\"og:title\" content=\"Fark Labs - Kariyer F\u0131rsatlar\u0131\" \/>\n<meta property=\"og:description\" content=\"En g\u00fcncel pozisyonlar i\u00e7in ba\u015fvuru yap\u0131n, gelece\u011finizin yolculu\u011funa ba\u015flay\u0131n ve kariyerinizi Fark Labs ile birlikte geli\u015ftirin.\" \/>\n<meta property=\"og:url\" content=\"https:\/\/www.farklabs.com\/tr\/aramiza-katilin\/is-firsatlari\/\" \/>\n<meta property=\"og:site_name\" content=\"Fark Labs\" \/>\n<meta property=\"article:publisher\" content=\"https:\/\/www.facebook.com\/farklabs\/\" \/>\n<meta property=\"article:modified_time\" content=\"2023-02-10T17:10:31+00:00\" \/>\n<meta property=\"og:image\" content=\"https:\/\/www.farklabs.com\/wp-content\/uploads\/2021\/12\/better-promo-hover.png\" \/>\n\t<meta property=\"og:image:width\" content=\"529\" \/>\n\t<meta property=\"og:image:height\" content=\"647\" \/>\n\t<meta property=\"og:image:type\" content=\"image\/png\" \/>\n<meta name=\"twitter:card\" content=\"summary_large_image\" \/>\n<meta name=\"twitter:title\" content=\"Fark Labs - Kariyer F\u0131rsatlar\u0131\" \/>\n<meta name=\"twitter:description\" content=\"En g\u00fcncel pozisyonlar i\u00e7in ba\u015fvuru yap\u0131n, gelece\u011finizin yolculu\u011funa ba\u015flay\u0131n ve kariyerinizi Fark Labs ile birlikte geli\u015ftirin.\" \/>\n<meta name=\"twitter:site\" content=\"@farklabs\" \/>\n<script type=\"application\/ld+json\" class=\"yoast-schema-graph\">{\"@context\":\"https:\\\/\\\/schema.org\",\"@graph\":[{\"@type\":\"WebPage\",\"@id\":\"https:\\\/\\\/www.farklabs.com\\\/tr\\\/aramiza-katilin\\\/is-firsatlari\\\/\",\"url\":\"https:\\\/\\\/www.farklabs.com\\\/tr\\\/aramiza-katilin\\\/is-firsatlari\\\/\",\"name\":\"Fark Labs - Kariyer F\u0131rsatlar\u0131\",\"isPartOf\":{\"@id\":\"https:\\\/\\\/www.farklabs.com\\\/#website\"},\"primaryImageOfPage\":{\"@id\":\"https:\\\/\\\/www.farklabs.com\\\/tr\\\/aramiza-katilin\\\/is-firsatlari\\\/#primaryimage\"},\"image\":{\"@id\":\"https:\\\/\\\/www.farklabs.com\\\/tr\\\/aramiza-katilin\\\/is-firsatlari\\\/#primaryimage\"},\"thumbnailUrl\":\"https:\\\/\\\/www.farklabs.com\\\/wp-content\\\/uploads\\\/2021\\\/12\\\/join-us-cover.jpg\",\"datePublished\":\"2023-02-10T12:56:54+00:00\",\"dateModified\":\"2023-02-10T17:10:31+00:00\",\"description\":\"En g\u00fcncel pozisyonlar i\u00e7in ba\u015fvuru yap\u0131n, gelece\u011finizin yolculu\u011funa ba\u015flay\u0131n ve kariyerinizi Fark Labs ile birlikte geli\u015ftirin.\",\"breadcrumb\":{\"@id\":\"https:\\\/\\\/www.farklabs.com\\\/tr\\\/aramiza-katilin\\\/is-firsatlari\\\/#breadcrumb\"},\"inLanguage\":\"tr\",\"potentialAction\":[{\"@type\":\"ReadAction\",\"target\":[\"https:\\\/\\\/www.farklabs.com\\\/tr\\\/aramiza-katilin\\\/is-firsatlari\\\/\"]}]},{\"@type\":\"ImageObject\",\"inLanguage\":\"tr\",\"@id\":\"https:\\\/\\\/www.farklabs.com\\\/tr\\\/aramiza-katilin\\\/is-firsatlari\\\/#primaryimage\",\"url\":\"https:\\\/\\\/www.farklabs.com\\\/wp-content\\\/uploads\\\/2021\\\/12\\\/join-us-cover.jpg\",\"contentUrl\":\"https:\\\/\\\/www.farklabs.com\\\/wp-content\\\/uploads\\\/2021\\\/12\\\/join-us-cover.jpg\",\"width\":1440,\"height\":480},{\"@type\":\"BreadcrumbList\",\"@id\":\"https:\\\/\\\/www.farklabs.com\\\/tr\\\/aramiza-katilin\\\/is-firsatlari\\\/#breadcrumb\",\"itemListElement\":[{\"@type\":\"ListItem\",\"position\":1,\"name\":\"Home\",\"item\":\"https:\\\/\\\/www.farklabs.com\\\/tr\\\/\"},{\"@type\":\"ListItem\",\"position\":2,\"name\":\"ARAMIZA KATILIN\",\"item\":\"https:\\\/\\\/www.farklabs.com\\\/tr\\\/aramiza-katilin\\\/\"},{\"@type\":\"ListItem\",\"position\":3,\"name\":\"G\u00fcncel \u0130\u015f \u0130lanlar\u0131\"}]},{\"@type\":\"WebSite\",\"@id\":\"https:\\\/\\\/www.farklabs.com\\\/#website\",\"url\":\"https:\\\/\\\/www.farklabs.com\\\/\",\"name\":\"Fark Labs\",\"description\":\"Better. Future. Together.\",\"publisher\":{\"@id\":\"https:\\\/\\\/www.farklabs.com\\\/#organization\"},\"potentialAction\":[{\"@type\":\"SearchAction\",\"target\":{\"@type\":\"EntryPoint\",\"urlTemplate\":\"https:\\\/\\\/www.farklabs.com\\\/?s={search_term_string}\"},\"query-input\":{\"@type\":\"PropertyValueSpecification\",\"valueRequired\":true,\"valueName\":\"search_term_string\"}}],\"inLanguage\":\"tr\"},{\"@type\":\"Organization\",\"@id\":\"https:\\\/\\\/www.farklabs.com\\\/#organization\",\"name\":\"Fark Labs\",\"url\":\"https:\\\/\\\/www.farklabs.com\\\/\",\"logo\":{\"@type\":\"ImageObject\",\"inLanguage\":\"tr\",\"@id\":\"https:\\\/\\\/www.farklabs.com\\\/#\\\/schema\\\/logo\\\/image\\\/\",\"url\":\"https:\\\/\\\/www.farklabs.com\\\/wp-content\\\/uploads\\\/2022\\\/04\\\/1-Fark-Labs-logo1.png\",\"contentUrl\":\"https:\\\/\\\/www.farklabs.com\\\/wp-content\\\/uploads\\\/2022\\\/04\\\/1-Fark-Labs-logo1.png\",\"width\":337,\"height\":150,\"caption\":\"Fark Labs\"},\"image\":{\"@id\":\"https:\\\/\\\/www.farklabs.com\\\/#\\\/schema\\\/logo\\\/image\\\/\"},\"sameAs\":[\"https:\\\/\\\/www.facebook.com\\\/farklabs\\\/\",\"https:\\\/\\\/x.com\\\/farklabs\",\"https:\\\/\\\/www.instagram.com\\\/farklabs\\\/\",\"https:\\\/\\\/www.linkedin.com\\\/company\\\/farklabs\\\/\",\"https:\\\/\\\/www.youtube.com\\\/c\\\/farklabs\"]}]}<\/script>\n<!-- \/ Yoast SEO Premium plugin. -->","yoast_head_json":{"title":"Fark Labs - Kariyer F\u0131rsatlar\u0131","description":"En g\u00fcncel pozisyonlar i\u00e7in ba\u015fvuru yap\u0131n, gelece\u011finizin yolculu\u011funa ba\u015flay\u0131n ve kariyerinizi Fark Labs ile birlikte geli\u015ftirin.","robots":{"index":"index","follow":"follow","max-snippet":"max-snippet:-1","max-image-preview":"max-image-preview:large","max-video-preview":"max-video-preview:-1"},"canonical":"https:\/\/www.farklabs.com\/tr\/aramiza-katilin\/is-firsatlari\/","og_locale":"tr_TR","og_type":"article","og_title":"Fark Labs - Kariyer F\u0131rsatlar\u0131","og_description":"En g\u00fcncel pozisyonlar i\u00e7in ba\u015fvuru yap\u0131n, gelece\u011finizin yolculu\u011funa ba\u015flay\u0131n ve kariyerinizi Fark Labs ile birlikte geli\u015ftirin.","og_url":"https:\/\/www.farklabs.com\/tr\/aramiza-katilin\/is-firsatlari\/","og_site_name":"Fark Labs","article_publisher":"https:\/\/www.facebook.com\/farklabs\/","article_modified_time":"2023-02-10T17:10:31+00:00","og_image":[{"width":529,"height":647,"url":"https:\/\/www.farklabs.com\/wp-content\/uploads\/2021\/12\/better-promo-hover.png","type":"image\/png"}],"twitter_card":"summary_large_image","twitter_title":"Fark Labs - Kariyer F\u0131rsatlar\u0131","twitter_description":"En g\u00fcncel pozisyonlar i\u00e7in ba\u015fvuru yap\u0131n, gelece\u011finizin yolculu\u011funa ba\u015flay\u0131n ve kariyerinizi Fark Labs ile birlikte geli\u015ftirin.","twitter_site":"@farklabs","schema":{"@context":"https:\/\/schema.org","@graph":[{"@type":"WebPage","@id":"https:\/\/www.farklabs.com\/tr\/aramiza-katilin\/is-firsatlari\/","url":"https:\/\/www.farklabs.com\/tr\/aramiza-katilin\/is-firsatlari\/","name":"Fark Labs - Kariyer F\u0131rsatlar\u0131","isPartOf":{"@id":"https:\/\/www.farklabs.com\/#website"},"primaryImageOfPage":{"@id":"https:\/\/www.farklabs.com\/tr\/aramiza-katilin\/is-firsatlari\/#primaryimage"},"image":{"@id":"https:\/\/www.farklabs.com\/tr\/aramiza-katilin\/is-firsatlari\/#primaryimage"},"thumbnailUrl":"https:\/\/www.farklabs.com\/wp-content\/uploads\/2021\/12\/join-us-cover.jpg","datePublished":"2023-02-10T12:56:54+00:00","dateModified":"2023-02-10T17:10:31+00:00","description":"En g\u00fcncel pozisyonlar i\u00e7in ba\u015fvuru yap\u0131n, gelece\u011finizin yolculu\u011funa ba\u015flay\u0131n ve kariyerinizi Fark Labs ile birlikte geli\u015ftirin.","breadcrumb":{"@id":"https:\/\/www.farklabs.com\/tr\/aramiza-katilin\/is-firsatlari\/#breadcrumb"},"inLanguage":"tr","potentialAction":[{"@type":"ReadAction","target":["https:\/\/www.farklabs.com\/tr\/aramiza-katilin\/is-firsatlari\/"]}]},{"@type":"ImageObject","inLanguage":"tr","@id":"https:\/\/www.farklabs.com\/tr\/aramiza-katilin\/is-firsatlari\/#primaryimage","url":"https:\/\/www.farklabs.com\/wp-content\/uploads\/2021\/12\/join-us-cover.jpg","contentUrl":"https:\/\/www.farklabs.com\/wp-content\/uploads\/2021\/12\/join-us-cover.jpg","width":1440,"height":480},{"@type":"BreadcrumbList","@id":"https:\/\/www.farklabs.com\/tr\/aramiza-katilin\/is-firsatlari\/#breadcrumb","itemListElement":[{"@type":"ListItem","position":1,"name":"Home","item":"https:\/\/www.farklabs.com\/tr\/"},{"@type":"ListItem","position":2,"name":"ARAMIZA KATILIN","item":"https:\/\/www.farklabs.com\/tr\/aramiza-katilin\/"},{"@type":"ListItem","position":3,"name":"G\u00fcncel \u0130\u015f \u0130lanlar\u0131"}]},{"@type":"WebSite","@id":"https:\/\/www.farklabs.com\/#website","url":"https:\/\/www.farklabs.com\/","name":"Fark Labs","description":"Better. Future. Together.","publisher":{"@id":"https:\/\/www.farklabs.com\/#organization"},"potentialAction":[{"@type":"SearchAction","target":{"@type":"EntryPoint","urlTemplate":"https:\/\/www.farklabs.com\/?s={search_term_string}"},"query-input":{"@type":"PropertyValueSpecification","valueRequired":true,"valueName":"search_term_string"}}],"inLanguage":"tr"},{"@type":"Organization","@id":"https:\/\/www.farklabs.com\/#organization","name":"Fark Labs","url":"https:\/\/www.farklabs.com\/","logo":{"@type":"ImageObject","inLanguage":"tr","@id":"https:\/\/www.farklabs.com\/#\/schema\/logo\/image\/","url":"https:\/\/www.farklabs.com\/wp-content\/uploads\/2022\/04\/1-Fark-Labs-logo1.png","contentUrl":"https:\/\/www.farklabs.com\/wp-content\/uploads\/2022\/04\/1-Fark-Labs-logo1.png","width":337,"height":150,"caption":"Fark Labs"},"image":{"@id":"https:\/\/www.farklabs.com\/#\/schema\/logo\/image\/"},"sameAs":["https:\/\/www.facebook.com\/farklabs\/","https:\/\/x.com\/farklabs","https:\/\/www.instagram.com\/farklabs\/","https:\/\/www.linkedin.com\/company\/farklabs\/","https:\/\/www.youtube.com\/c\/farklabs"]}]}},"_links":{"self":[{"href":"https:\/\/www.farklabs.com\/tr\/wp-json\/wp\/v2\/pages\/10871","targetHints":{"allow":["GET"]}}],"collection":[{"href":"https:\/\/www.farklabs.com\/tr\/wp-json\/wp\/v2\/pages"}],"about":[{"href":"https:\/\/www.farklabs.com\/tr\/wp-json\/wp\/v2\/types\/page"}],"author":[{"embeddable":true,"href":"https:\/\/www.farklabs.com\/tr\/wp-json\/wp\/v2\/users\/1"}],"replies":[{"embeddable":true,"href":"https:\/\/www.farklabs.com\/tr\/wp-json\/wp\/v2\/comments?post=10871"}],"version-history":[{"count":3,"href":"https:\/\/www.farklabs.com\/tr\/wp-json\/wp\/v2\/pages\/10871\/revisions"}],"predecessor-version":[{"id":10876,"href":"https:\/\/www.farklabs.com\/tr\/wp-json\/wp\/v2\/pages\/10871\/revisions\/10876"}],"up":[{"embeddable":true,"href":"https:\/\/www.farklabs.com\/tr\/wp-json\/wp\/v2\/pages\/7770"}],"wp:featuredmedia":[{"embeddable":true,"href":"https:\/\/www.farklabs.com\/tr\/wp-json\/wp\/v2\/media\/7771"}],"wp:attachment":[{"href":"https:\/\/www.farklabs.com\/tr\/wp-json\/wp\/v2\/media?parent=10871"}],"curies":[{"name":"wp","href":"https:\/\/api.w.org\/{rel}","templated":true}]}}