{"id":11113,"date":"2023-04-10T14:56:17","date_gmt":"2023-04-10T11:56:17","guid":{"rendered":"https:\/\/www.farklabs.com\/?page_id=11113"},"modified":"2023-04-10T15:10:38","modified_gmt":"2023-04-10T12:10:38","slug":"fark-labs-web-sitesi-aydinlatma-metni","status":"publish","type":"page","link":"https:\/\/www.farklabs.com\/tr\/fark-labs-web-sitesi-aydinlatma-metni\/","title":{"rendered":"Ayd\u0131nlatma Metni"},"content":{"rendered":"\n<p><strong>FARK LABS WEB S\u0130TES\u0130&nbsp; AYDINLATMA METN\u0130<\/strong><\/p>\n\n\n\n<p>Bu ayd\u0131nlatma metni, 6698 say\u0131l\u0131 Ki\u015fisel Verilerin Korunmas\u0131 Kanununun <strong>(\u201cKanun\u201d)<\/strong> 10. maddesi ile Ayd\u0131nlatma Y\u00fck\u00fcml\u00fcl\u00fc\u011f\u00fcn\u00fcn Yerine Getirilmesinde Uyulacak Usul ve Esaslar Hakk\u0131nda Tebli\u011f kapsam\u0131nda veri sorumlusu s\u0131fat\u0131yla <strong>Fark Labs Teknoloji Geli\u015ftirme Merkezi Anonim \u015eirketi ve Fark Labs \u0130novasyon Anonim \u015eirketi &nbsp;(\u201cFark Labs\u201d)<\/strong> taraf\u0131ndan haz\u0131rlanm\u0131\u015ft\u0131r. Fark Labs olarak websitemizi ziyaret eden ve sundu\u011fumuz hizmetler kapsam\u0131nda formlar\u0131m\u0131z\u0131 doldurmak suretiyle i\u015fledi\u011fimiz verilere ili\u015fkin sizleri bilgilendirmek isteriz.<\/p>\n\n\n\n<p><strong>\u0130\u015eLEN\u0130LEN K\u0130\u015e\u0130SEL VER\u0130LER\u0130N\u0130Z<\/strong><\/p>\n\n\n\n<ol class=\"wp-block-list\" type=\"1\"><li><strong>Bize Ula\u015f\u0131n Formu \u00dczerinden \u0130letmi\u015f Oldu\u011funuz Verilerinizin \u0130\u015flenmesi<\/strong><\/li><\/ol>\n\n\n\n<p><a><\/a>Fark Labs\u2019e ait <a href=\"https:\/\/www.farklabs.com\/\">https:\/\/www.farklabs.com\/<\/a> &nbsp;adresinde yer alan internet sitesinde \u00fczerindeki Aram\u0131za Kat\u0131l\u0131n alan\u0131ndaki ve ana sayfada yer alan Bize Ula\u015f\u0131n Formlar\u0131 \u00fczerinden bize iletti\u011finiz kimlik (isim, soyisim), ileti\u015fim (e-posta adresi, telefon numaras\u0131), \u015firket web sitesi ve ek olarak belirtmi\u015f oldu\u011funuz bilgilerinizden olu\u015fan ki\u015fisel verileriniz sizlere uygun f\u0131rsatlar\u0131n sunulmas\u0131, potansiyel \u00fcyeli\u011finize ili\u015fkin olarak i\u015flemlerin yap\u0131lmas\u0131 ve do\u011fru \u00fcyelik se\u00e7eneklerinin belirlenmesi, ileti\u015fim faaliyetlerinin y\u00fcr\u00fct\u00fclmesi, talep takibi, m\u00fc\u015fteri ili\u015fkileri y\u00f6netimi s\u00fcre\u00e7lerinin y\u00fcr\u00fct\u00fclmesi ve sat\u0131\u015f s\u00fcre\u00e7lerinin y\u00fcr\u00fct\u00fclmesi ama\u00e7lar\u0131yla Kanun\u2019un 5\u2019inci maddesinin 2\u2019nci f\u0131kras\u0131nda d\u00fczenlenen <em>\u201cbir s\u00f6zle\u015fmenin kurulmas\u0131 veya ifas\u0131yla do\u011frudan do\u011fruya ilgili olmas\u0131 kayd\u0131yla, s\u00f6zle\u015fmenin taraflar\u0131na ait ki\u015fisel verilerin i\u015flenmesinin gerekli olmas\u0131\u201d<\/em> ve <em>\u201cilgili ki\u015finin temel hak ve \u00f6zg\u00fcrl\u00fcklerine zarar vermemek kayd\u0131yla, veri sorumlusunun me\u015fru menfaatleri i\u00e7in veri i\u015flenmesinin zorunlu olmas\u0131\u201d<\/em> hukuki sebeplerine dayal\u0131 olarak tam otomatik yollarla i\u015flenecektir ve ileti\u015fim faaliyetlerinin ger\u00e7ekle\u015ftirilmesi amac\u0131yla tedarik\u00e7imizle payla\u015f\u0131lacakt\u0131r.<\/p>\n\n\n\n<ol class=\"wp-block-list\" type=\"1\" start=\"2\"><li><strong>\u0130leti\u015fim Faaliyetleri Kapsam\u0131nda Ki\u015fisel Verilerinizin \u0130\u015flenmesi<\/strong><\/li><\/ol>\n\n\n\n<p>Fark Labs olarak geli\u015fmelerimizden haberdar olman\u0131z\u0131 sa\u011flamak, sizlerle ileti\u015fime ge\u00e7mek, ileti\u015fim faaliyetlerinin s\u00fcrd\u00fcr\u00fclmesi ve \u00fcr\u00fcn\/hizmetlerin pazarlama s\u00fcre\u00e7lerinin y\u00fcr\u00fct\u00fclmesi ama\u00e7lar\u0131yla ve bu kapsamda taraf\u0131n\u0131za 6563 say\u0131l\u0131 Elektronik Ticaretin D\u00fczenlenmesi Hakk\u0131nda Kanun ve 15 Temmuz 2015 tarihli Ticari \u0130leti\u015fim ve Ticari Elektonik \u0130letiler Hakk\u0131nda Y\u00f6netmelik kapsam\u0131nda hizmet sa\u011flay\u0131c\u0131 s\u0131fat\u0131yla ticari elektronik iletilerin Fark Labs taraf\u0131ndan taraf\u0131n\u0131za g\u00f6nderilmesi i\u00e7in verece\u011finiz onay\u0131n\u0131za istinaden Bize Ula\u015f formu \u00fczerinden iletmi\u015f oldu\u011funuz ileti\u015fim verileriniz (cep telefonu numaras\u0131, e-posta adresi) i\u015flenecek ve taraf\u0131n\u0131za ticari elektronik ileti g\u00f6nderimi reddetme hakk\u0131n\u0131z\u0131 kullan\u0131ncaya kadar devam edecektir. Ticari elektronik ileti g\u00f6nderilmesi i\u00e7in verece\u011finiz onay Kanun\u2019un 5\u2019inci maddesinin 1\u2019nci f\u0131kras\u0131 kapsam\u0131nda istedi\u011finiz zaman ve herhangi bir s\u0131n\u0131rlamaya gerek olmaks\u0131z\u0131n geri alabilece\u011finiz a\u00e7\u0131k r\u0131zan\u0131z olarak kabul edilmektedir. Bunun yan\u0131nda ileti\u015fim bilgileriniz, yetkili ki\u015fi, kurum ve kurulu\u015flara bilgi verilmesi amac\u0131yla KVKK\u2019n\u0131n 5\u2019inci maddesinin 2\u2019nci f\u0131kras\u0131nda yer alan <em>\u201ckanunlarda a\u00e7\u0131k\u00e7a \u00f6ng\u00f6r\u00fclmesi\u201d<\/em> hukuki sebebine dayanarak \u0130leti Y\u00f6netim Sistemi\u2019ne aktar\u0131lacakt\u0131r.<\/p>\n\n\n\n<ol class=\"wp-block-list\" type=\"1\" start=\"3\"><li><strong>\u0130nternet Sitemizi Ziyaretiniz Kapsam\u0131nda \u0130\u015flenilen Ki\u015fisel Verileriniz<\/strong><\/li><\/ol>\n\n\n\n<p><a href=\"https:\/\/www.farklabs.com\/\">https:\/\/www.farklabs.com\/<\/a> adresinde yer alan internet sitemizi ziyaretiniz s\u00fcresince kullanmakta oldu\u011fumuz \u00e7erezler vas\u0131tas\u0131 ile ki\u015fisel verileriniz i\u015flenmekte olup \u00e7erezler vas\u0131tas\u0131 ile taraf\u0131m\u0131zca i\u015flenmekte olan ki\u015fisel verilerinize ili\u015fkin <a>\u00c7erez Politikas\u0131n\u0131<\/a>&nbsp;incelemenizi rica ederiz.<\/p>\n\n\n\n<ol class=\"wp-block-list\" type=\"1\" start=\"4\"><li><strong>B\u00fclten Aboneli\u011finiz Kapsam\u0131nda \u0130\u015flenilen Ki\u015fisel Verileriniz<\/strong><\/li><\/ol>\n\n\n\n<p>E-posta adresinden olu\u015fan ki\u015fisel verileriniz websitemizde yer alan B\u00fclten abonelik formunu doldurman\u0131z suretiyle a\u00e7\u0131k r\u0131zan\u0131za dayan\u0131larak sizlere b\u00fclten iletimi g\u00f6nderilmesi amac\u0131yla i\u015flenecektir. B\u00fclten aboneli\u011finize ili\u015fkin a\u00e7\u0131k r\u0131zan\u0131z\u0131 geri alman\u0131z halinde s\u00f6z konusu ki\u015fisel verilerinizin Fark Labs taraf\u0131ndan bu ama\u00e7la kullan\u0131m\u0131na son verilecektir.&nbsp;<\/p>\n\n\n\n<p><strong>K\u0130\u015e\u0130SEL VER\u0130LER\u0130N\u0130Z\u0130N AKTARIMI<\/strong><\/p>\n\n\n\n<p>Bu Ayd\u0131nlatma Metni kapsam\u0131nda i\u015flenilen ki\u015fisel verileriniz yukar\u0131da detayl\u0131 \u015fekilde belirtilen hallerde tedarik\u00e7ilerimiz ve gerekli durumlarda yetkili kamu kurum ve kurulu\u015flar\u0131na aktar\u0131lmaktad\u0131r.&nbsp;<\/p>\n\n\n\n<p><strong>\u0130LG\u0130L\u0130 K\u0130\u015e\u0130 OLARAK HAKLARINIZIN KULLANILMASI<\/strong><\/p>\n\n\n\n<p>Kanunun ilgili ki\u015finin haklar\u0131n\u0131 d\u00fczenleyen 11\u2019inci maddesi \u00e7er\u00e7evesinde ilgili ki\u015fi olarak her zaman Fark Labs\u2019e ba\u015fvurarak \u015fahs\u0131n\u0131z ile ilgili;<\/p>\n\n\n\n<ol class=\"wp-block-list\" type=\"1\"><li>Ki\u015fisel verilerinizin i\u015flenip i\u015flenmedi\u011fini \u00f6\u011frenme,<\/li><li>Ki\u015fisel verileriniz i\u015flenmi\u015fse buna ili\u015fkin bilgi talep etme,<\/li><li>Ki\u015fisel verilerinizin i\u015flenme amac\u0131n\u0131 ve bunlar\u0131n amac\u0131na uygun kullan\u0131l\u0131p kullan\u0131lmad\u0131\u011f\u0131n\u0131 \u00f6\u011frenme,<\/li><li>Yurt i\u00e7inde veya yurt d\u0131\u015f\u0131nda ki\u015fisel verilerinizin aktar\u0131ld\u0131\u011f\u0131 \u00fc\u00e7\u00fcnc\u00fc ki\u015fileri bilme,<\/li><li>Ki\u015fisel verilerinizin eksik veya yanl\u0131\u015f i\u015flenmi\u015f olmas\u0131 h\u00e2linde bunlar\u0131n d\u00fczeltilmesini isteme,<\/li><li>Ki\u015fisel verilerinizin silinmesini veya yok edilmesini isteme,<\/li><li>Ki\u015fisel verilerinizin d\u00fczeltilmesi, silinmesi veya yok edilmesine ili\u015fkin i\u015flemlerin ki\u015fisel verilerinizin aktar\u0131ld\u0131\u011f\u0131 \u00fc\u00e7\u00fcnc\u00fc ki\u015filere bildirilmesini isteme,<\/li><li>\u0130\u015flenen verilerinizin m\u00fcnhas\u0131ran otomatik sistemler vas\u0131tas\u0131yla analiz edilmesi suretiyle aleyhinizde bir sonucun ortaya \u00e7\u0131kmas\u0131na itiraz etme,<\/li><li>Ki\u015fisel verilerinizin kanuna ayk\u0131r\u0131 olarak i\u015flenmesi sebebiyle zarara u\u011framan\u0131z h\u00e2linde zarar\u0131n giderilmesini talep etme<\/li><\/ol>\n\n\n\n<p>haklar\u0131na sahipsiniz. Kanunun 11\u2019inci maddesi kapsam\u0131ndaki taleplerinizi, Veri Sorumlusuna Ba\u015fvuru Usul ve Esaslar\u0131 Hakk\u0131nda Tebli\u011fe uygun bir \u015fekilde a\u015fa\u011f\u0131da bilgileri verilen ve veri sorumlusu olan <strong>Fark Labs\u2019e<\/strong> iletebilirsiniz.<\/p>\n\n\n\n<hr class=\"wp-block-separator has-alpha-channel-opacity\"\/>\n\n\n\n<p><\/p>\n","protected":false},"excerpt":{"rendered":"<p>FARK LABS WEB S\u0130TES\u0130&nbsp; AYDINLATMA METN\u0130 Bu ayd\u0131nlatma metni, 6698 say\u0131l\u0131 Ki\u015fisel Verilerin Korunmas\u0131 Kanununun (\u201cKanun\u201d) 10. maddesi ile Ayd\u0131nlatma Y\u00fck\u00fcml\u00fcl\u00fc\u011f\u00fcn\u00fcn Yerine Getirilmesinde Uyulacak Usul ve Esaslar Hakk\u0131nda Tebli\u011f kapsam\u0131nda veri sorumlusu s\u0131fat\u0131yla Fark Labs Teknoloji Geli\u015ftirme Merkezi Anonim \u015eirketi ve Fark Labs \u0130novasyon Anonim \u015eirketi &nbsp;(\u201cFark Labs\u201d) taraf\u0131ndan haz\u0131rlanm\u0131\u015ft\u0131r. Fark Labs olarak websitemizi ziyaret&hellip; <a class=\"more-link\" href=\"https:\/\/www.farklabs.com\/tr\/fark-labs-web-sitesi-aydinlatma-metni\/\">Continue reading <span class=\"screen-reader-text\">Ayd\u0131nlatma Metni<\/span><\/a><\/p>\n","protected":false},"author":1,"featured_media":0,"parent":0,"menu_order":0,"comment_status":"closed","ping_status":"closed","template":"page-farplascolornarrow.php","meta":{"_acf_changed":false,"om_disable_all_campaigns":false,"footnotes":""},"class_list":["post-11113","page","type-page","status-publish","hentry","entry"],"acf":[],"yoast_head":"<!-- This site is optimized with the Yoast SEO Premium plugin v27.3 (Yoast SEO v27.3) - https:\/\/yoast.com\/product\/yoast-seo-premium-wordpress\/ -->\n<title>Ayd\u0131nlatma Metni - Fark Labs<\/title>\n<meta name=\"robots\" content=\"index, follow, max-snippet:-1, max-image-preview:large, max-video-preview:-1\" \/>\n<link rel=\"canonical\" href=\"https:\/\/www.farklabs.com\/tr\/fark-labs-web-sitesi-aydinlatma-metni\/\" \/>\n<meta property=\"og:locale\" content=\"tr_TR\" \/>\n<meta property=\"og:type\" content=\"article\" \/>\n<meta property=\"og:title\" content=\"Ayd\u0131nlatma Metni\" \/>\n<meta property=\"og:description\" content=\"FARK LABS WEB S\u0130TES\u0130&nbsp; AYDINLATMA METN\u0130 Bu ayd\u0131nlatma metni, 6698 say\u0131l\u0131 Ki\u015fisel Verilerin Korunmas\u0131 Kanununun (\u201cKanun\u201d) 10. maddesi ile Ayd\u0131nlatma Y\u00fck\u00fcml\u00fcl\u00fc\u011f\u00fcn\u00fcn Yerine Getirilmesinde Uyulacak Usul ve Esaslar Hakk\u0131nda Tebli\u011f kapsam\u0131nda veri sorumlusu s\u0131fat\u0131yla Fark Labs Teknoloji Geli\u015ftirme Merkezi Anonim \u015eirketi ve Fark Labs \u0130novasyon Anonim \u015eirketi &nbsp;(\u201cFark Labs\u201d) taraf\u0131ndan haz\u0131rlanm\u0131\u015ft\u0131r. Fark Labs olarak websitemizi ziyaret&hellip; Continue reading Ayd\u0131nlatma Metni\" \/>\n<meta property=\"og:url\" content=\"https:\/\/www.farklabs.com\/tr\/fark-labs-web-sitesi-aydinlatma-metni\/\" \/>\n<meta property=\"og:site_name\" content=\"Fark Labs\" \/>\n<meta property=\"article:publisher\" content=\"https:\/\/www.facebook.com\/farklabs\/\" \/>\n<meta property=\"article:modified_time\" content=\"2023-04-10T12:10:38+00:00\" \/>\n<meta property=\"og:image\" content=\"https:\/\/www.farklabs.com\/wp-content\/uploads\/2022\/04\/fark-labs-logo-200x200-1.png\" \/>\n\t<meta property=\"og:image:width\" content=\"200\" \/>\n\t<meta property=\"og:image:height\" content=\"200\" \/>\n\t<meta property=\"og:image:type\" content=\"image\/png\" \/>\n<meta name=\"twitter:card\" content=\"summary_large_image\" \/>\n<meta name=\"twitter:site\" content=\"@farklabs\" \/>\n<meta name=\"twitter:label1\" content=\"Tahmini okuma s\u00fcresi\" \/>\n\t<meta name=\"twitter:data1\" content=\"3 dakika\" \/>\n<script type=\"application\/ld+json\" class=\"yoast-schema-graph\">{\"@context\":\"https:\\\/\\\/schema.org\",\"@graph\":[{\"@type\":\"WebPage\",\"@id\":\"https:\\\/\\\/www.farklabs.com\\\/tr\\\/fark-labs-web-sitesi-aydinlatma-metni\\\/\",\"url\":\"https:\\\/\\\/www.farklabs.com\\\/tr\\\/fark-labs-web-sitesi-aydinlatma-metni\\\/\",\"name\":\"Ayd\u0131nlatma Metni - Fark Labs\",\"isPartOf\":{\"@id\":\"https:\\\/\\\/www.farklabs.com\\\/#website\"},\"datePublished\":\"2023-04-10T11:56:17+00:00\",\"dateModified\":\"2023-04-10T12:10:38+00:00\",\"breadcrumb\":{\"@id\":\"https:\\\/\\\/www.farklabs.com\\\/tr\\\/fark-labs-web-sitesi-aydinlatma-metni\\\/#breadcrumb\"},\"inLanguage\":\"tr\",\"potentialAction\":[{\"@type\":\"ReadAction\",\"target\":[\"https:\\\/\\\/www.farklabs.com\\\/tr\\\/fark-labs-web-sitesi-aydinlatma-metni\\\/\"]}]},{\"@type\":\"BreadcrumbList\",\"@id\":\"https:\\\/\\\/www.farklabs.com\\\/tr\\\/fark-labs-web-sitesi-aydinlatma-metni\\\/#breadcrumb\",\"itemListElement\":[{\"@type\":\"ListItem\",\"position\":1,\"name\":\"Home\",\"item\":\"https:\\\/\\\/www.farklabs.com\\\/tr\\\/\"},{\"@type\":\"ListItem\",\"position\":2,\"name\":\"Ayd\u0131nlatma Metni\"}]},{\"@type\":\"WebSite\",\"@id\":\"https:\\\/\\\/www.farklabs.com\\\/#website\",\"url\":\"https:\\\/\\\/www.farklabs.com\\\/\",\"name\":\"Fark Labs\",\"description\":\"Better. Future. Together.\",\"publisher\":{\"@id\":\"https:\\\/\\\/www.farklabs.com\\\/#organization\"},\"potentialAction\":[{\"@type\":\"SearchAction\",\"target\":{\"@type\":\"EntryPoint\",\"urlTemplate\":\"https:\\\/\\\/www.farklabs.com\\\/?s={search_term_string}\"},\"query-input\":{\"@type\":\"PropertyValueSpecification\",\"valueRequired\":true,\"valueName\":\"search_term_string\"}}],\"inLanguage\":\"tr\"},{\"@type\":\"Organization\",\"@id\":\"https:\\\/\\\/www.farklabs.com\\\/#organization\",\"name\":\"Fark Labs\",\"url\":\"https:\\\/\\\/www.farklabs.com\\\/\",\"logo\":{\"@type\":\"ImageObject\",\"inLanguage\":\"tr\",\"@id\":\"https:\\\/\\\/www.farklabs.com\\\/#\\\/schema\\\/logo\\\/image\\\/\",\"url\":\"https:\\\/\\\/www.farklabs.com\\\/wp-content\\\/uploads\\\/2022\\\/04\\\/1-Fark-Labs-logo1.png\",\"contentUrl\":\"https:\\\/\\\/www.farklabs.com\\\/wp-content\\\/uploads\\\/2022\\\/04\\\/1-Fark-Labs-logo1.png\",\"width\":337,\"height\":150,\"caption\":\"Fark Labs\"},\"image\":{\"@id\":\"https:\\\/\\\/www.farklabs.com\\\/#\\\/schema\\\/logo\\\/image\\\/\"},\"sameAs\":[\"https:\\\/\\\/www.facebook.com\\\/farklabs\\\/\",\"https:\\\/\\\/x.com\\\/farklabs\",\"https:\\\/\\\/www.instagram.com\\\/farklabs\\\/\",\"https:\\\/\\\/www.linkedin.com\\\/company\\\/farklabs\\\/\",\"https:\\\/\\\/www.youtube.com\\\/c\\\/farklabs\"]}]}<\/script>\n<!-- \/ Yoast SEO Premium plugin. -->","yoast_head_json":{"title":"Ayd\u0131nlatma Metni - Fark Labs","robots":{"index":"index","follow":"follow","max-snippet":"max-snippet:-1","max-image-preview":"max-image-preview:large","max-video-preview":"max-video-preview:-1"},"canonical":"https:\/\/www.farklabs.com\/tr\/fark-labs-web-sitesi-aydinlatma-metni\/","og_locale":"tr_TR","og_type":"article","og_title":"Ayd\u0131nlatma Metni","og_description":"FARK LABS WEB S\u0130TES\u0130&nbsp; AYDINLATMA METN\u0130 Bu ayd\u0131nlatma metni, 6698 say\u0131l\u0131 Ki\u015fisel Verilerin Korunmas\u0131 Kanununun (\u201cKanun\u201d) 10. maddesi ile Ayd\u0131nlatma Y\u00fck\u00fcml\u00fcl\u00fc\u011f\u00fcn\u00fcn Yerine Getirilmesinde Uyulacak Usul ve Esaslar Hakk\u0131nda Tebli\u011f kapsam\u0131nda veri sorumlusu s\u0131fat\u0131yla Fark Labs Teknoloji Geli\u015ftirme Merkezi Anonim \u015eirketi ve Fark Labs \u0130novasyon Anonim \u015eirketi &nbsp;(\u201cFark Labs\u201d) taraf\u0131ndan haz\u0131rlanm\u0131\u015ft\u0131r. Fark Labs olarak websitemizi ziyaret&hellip; Continue reading Ayd\u0131nlatma Metni","og_url":"https:\/\/www.farklabs.com\/tr\/fark-labs-web-sitesi-aydinlatma-metni\/","og_site_name":"Fark Labs","article_publisher":"https:\/\/www.facebook.com\/farklabs\/","article_modified_time":"2023-04-10T12:10:38+00:00","og_image":[{"width":200,"height":200,"url":"https:\/\/www.farklabs.com\/wp-content\/uploads\/2022\/04\/fark-labs-logo-200x200-1.png","type":"image\/png"}],"twitter_card":"summary_large_image","twitter_site":"@farklabs","twitter_misc":{"Tahmini okuma s\u00fcresi":"3 dakika"},"schema":{"@context":"https:\/\/schema.org","@graph":[{"@type":"WebPage","@id":"https:\/\/www.farklabs.com\/tr\/fark-labs-web-sitesi-aydinlatma-metni\/","url":"https:\/\/www.farklabs.com\/tr\/fark-labs-web-sitesi-aydinlatma-metni\/","name":"Ayd\u0131nlatma Metni - Fark Labs","isPartOf":{"@id":"https:\/\/www.farklabs.com\/#website"},"datePublished":"2023-04-10T11:56:17+00:00","dateModified":"2023-04-10T12:10:38+00:00","breadcrumb":{"@id":"https:\/\/www.farklabs.com\/tr\/fark-labs-web-sitesi-aydinlatma-metni\/#breadcrumb"},"inLanguage":"tr","potentialAction":[{"@type":"ReadAction","target":["https:\/\/www.farklabs.com\/tr\/fark-labs-web-sitesi-aydinlatma-metni\/"]}]},{"@type":"BreadcrumbList","@id":"https:\/\/www.farklabs.com\/tr\/fark-labs-web-sitesi-aydinlatma-metni\/#breadcrumb","itemListElement":[{"@type":"ListItem","position":1,"name":"Home","item":"https:\/\/www.farklabs.com\/tr\/"},{"@type":"ListItem","position":2,"name":"Ayd\u0131nlatma Metni"}]},{"@type":"WebSite","@id":"https:\/\/www.farklabs.com\/#website","url":"https:\/\/www.farklabs.com\/","name":"Fark Labs","description":"Better. Future. Together.","publisher":{"@id":"https:\/\/www.farklabs.com\/#organization"},"potentialAction":[{"@type":"SearchAction","target":{"@type":"EntryPoint","urlTemplate":"https:\/\/www.farklabs.com\/?s={search_term_string}"},"query-input":{"@type":"PropertyValueSpecification","valueRequired":true,"valueName":"search_term_string"}}],"inLanguage":"tr"},{"@type":"Organization","@id":"https:\/\/www.farklabs.com\/#organization","name":"Fark Labs","url":"https:\/\/www.farklabs.com\/","logo":{"@type":"ImageObject","inLanguage":"tr","@id":"https:\/\/www.farklabs.com\/#\/schema\/logo\/image\/","url":"https:\/\/www.farklabs.com\/wp-content\/uploads\/2022\/04\/1-Fark-Labs-logo1.png","contentUrl":"https:\/\/www.farklabs.com\/wp-content\/uploads\/2022\/04\/1-Fark-Labs-logo1.png","width":337,"height":150,"caption":"Fark Labs"},"image":{"@id":"https:\/\/www.farklabs.com\/#\/schema\/logo\/image\/"},"sameAs":["https:\/\/www.facebook.com\/farklabs\/","https:\/\/x.com\/farklabs","https:\/\/www.instagram.com\/farklabs\/","https:\/\/www.linkedin.com\/company\/farklabs\/","https:\/\/www.youtube.com\/c\/farklabs"]}]}},"_links":{"self":[{"href":"https:\/\/www.farklabs.com\/tr\/wp-json\/wp\/v2\/pages\/11113","targetHints":{"allow":["GET"]}}],"collection":[{"href":"https:\/\/www.farklabs.com\/tr\/wp-json\/wp\/v2\/pages"}],"about":[{"href":"https:\/\/www.farklabs.com\/tr\/wp-json\/wp\/v2\/types\/page"}],"author":[{"embeddable":true,"href":"https:\/\/www.farklabs.com\/tr\/wp-json\/wp\/v2\/users\/1"}],"replies":[{"embeddable":true,"href":"https:\/\/www.farklabs.com\/tr\/wp-json\/wp\/v2\/comments?post=11113"}],"version-history":[{"count":5,"href":"https:\/\/www.farklabs.com\/tr\/wp-json\/wp\/v2\/pages\/11113\/revisions"}],"predecessor-version":[{"id":11127,"href":"https:\/\/www.farklabs.com\/tr\/wp-json\/wp\/v2\/pages\/11113\/revisions\/11127"}],"wp:attachment":[{"href":"https:\/\/www.farklabs.com\/tr\/wp-json\/wp\/v2\/media?parent=11113"}],"curies":[{"name":"wp","href":"https:\/\/api.w.org\/{rel}","templated":true}]}}