{"id":12778,"date":"2024-02-29T02:01:38","date_gmt":"2024-02-28T23:01:38","guid":{"rendered":"https:\/\/www.farklabs.com\/?page_id=12778"},"modified":"2024-04-19T14:09:45","modified_gmt":"2024-04-19T11:09:45","slug":"enerji-inovasyon-cagrisi","status":"publish","type":"page","link":"https:\/\/www.farklabs.com\/tr\/girisimler-better-future-path\/girisimler-gecmis-programlar\/enerji-inovasyon-cagrisi\/","title":{"rendered":"ENERJ\u0130 \u0130NOVASYON \u00c7A\u011eRISI"},"content":{"rendered":"\n<div class=\"wp-block-group gray-zone small closer\"><div class=\"wp-block-group__inner-container is-layout-flow wp-block-group-is-layout-flow\">\n<h2 class=\"wp-block-heading has-text-align-center has-text-color has-link-color wp-elements-2739f3cd94a4d31bcad5ef25120cbbfc\" id=\"h-ilginiz-icin-tesekkur-ederiz-basvurular-sona-erdi\" style=\"color:#ee9236\"><strong>\u0130lginiz i\u00e7in te\u015fekk\u00fcr ederiz. Ba\u015fvurular sona erdi.<\/strong><\/h2>\n\n\n\n<p><\/p>\n\n\n\n<h2 class=\"wp-block-heading\" id=\"mercedes-benz-turk-ventures-x-fark-labs-mobilite-dunyasini-degistirecek-girisimleri-ariyor\">ENERJ\u0130 SEKT\u00d6R\u00dcNDE YEN\u0130L\u0130K\u00c7\u0130LER\u0130N D\u0130KKAT\u0130NE! ENERJ\u0130 VE S\u00dcRD\u00dcR\u00dcLEB\u0130L\u0130RL\u0130K D\u00dcNYASINDA DEVR\u0130M YARATMAYA HAZIR MISINIZ?<\/h2>\n\n\n\n<p>GAMA Enerji &amp; Fark Labs taraf\u0131ndan sunulan POWER UP Startup Challenge ve Yat\u0131r\u0131m Program\u0131, i\u015finizi bir \u00fcst seviyeye ta\u015f\u0131mak i\u00e7in m\u00fckemmel bir platform sunuyor! Bu program, enerji sekt\u00f6r\u00fcndeki temel zorluklar\u0131 ele alan, dijitalle\u015fmeyi, s\u00fcrd\u00fcr\u00fclebilirli\u011fi, verimlili\u011fi ve eri\u015filebilirli\u011fi te\u015fvik eden \u00e7\u0131\u011f\u0131r a\u00e7an \u00e7\u00f6z\u00fcmleri belirlemeyi ve desteklemeyi ama\u00e7l\u0131yor. Yenilik\u00e7i teknolojilerin, \u00fcr\u00fcnlerin veya hizmetlerin; enerjinin \u00fcretilmesinde, da\u011f\u0131t\u0131lmas\u0131nda, depolanmas\u0131nda veya ticaretinin yap\u0131lmas\u0131nda ve t\u00fcketim bi\u00e7iminde devrim yaratabilece\u011fine inan\u0131yoruz. Dijital a\u00e7\u0131dan daha s\u00fcrd\u00fcr\u00fclebilir ve dayan\u0131kl\u0131 bir enerji gelece\u011fine katk\u0131da bulunabilece\u011fine inan\u0131yoruz.<\/p>\n\n\n\n<p>\u0130\u015f fikrini, teknolojini b\u00fcy\u00fctmeye ve bir ad\u0131m \u00f6nde olmaya haz\u0131rsan, hemen ba\u015fvur!<\/p>\n\n\n\n<div class=\"wp-block-columns is-layout-flex wp-container-core-columns-is-layout-9d6595d7 wp-block-columns-is-layout-flex\">\n<div class=\"wp-block-column is-layout-flow wp-block-column-is-layout-flow\">\n<h2 class=\"wp-block-heading\" id=\"h-odak-alanlari\">Odak Alanlar\u0131<\/h2>\n\n\n\n<ul class=\"bullets green noindent wp-block-list\">\n<li>Enerji \u00dcretimi<\/li>\n\n\n\n<li>Enerji Ticareti<\/li>\n\n\n\n<li>Enerji Depolama \u00c7\u00f6z\u00fcmleri<\/li>\n\n\n\n<li>Enerji Verimlili\u011fi Optimizasyonu<\/li>\n\n\n\n<li>Yenilenebilir Enerji Entegrasyonu<\/li>\n\n\n\n<li>Ak\u0131ll\u0131 \u015eebeke ve IoT \u00c7\u00f6z\u00fcmleri<\/li>\n\n\n\n<li>Ula\u015f\u0131m\u0131n Elektrifikasyonu<\/li>\n\n\n\n<li>D\u00f6ng\u00fcsel Ekonomi<\/li>\n\n\n\n<li>Su Ar\u0131tma ve Tuzdan Ar\u0131nd\u0131rma<\/li>\n\n\n\n<li>Enerjide SKDM i\u00e7in \u0130novasyon<\/li>\n\n\n\n<li>CO<sub>2<\/sub> Emisyonu Azalt\u0131m\u0131<\/li>\n\n\n\n<li>A\u00e7\u0131k \u0130novasyon<\/li>\n<\/ul>\n<\/div>\n\n\n\n<div class=\"wp-block-column is-layout-flow wp-block-column-is-layout-flow\">\n<h2 class=\"wp-block-heading\" id=\"h-teknoloji-alanlari\">Teknoloji Alanlar\u0131<\/h2>\n\n\n\n<ul class=\"bullets green noindent wp-block-list\">\n<li>Blok Zincir Teknolojisi<\/li>\n\n\n\n<li>Yapay Zeka<\/li>\n\n\n\n<li>Yenilenebilir Enerji Teknolojileri<\/li>\n\n\n\n<li>Enerji Depolama \u00c7\u00f6z\u00fcmleri<\/li>\n\n\n\n<li>Ak\u0131ll\u0131 \u015eebeke Teknolojileri<\/li>\n\n\n\n<li>IoT Sens\u00f6r ve Cihazlar\u0131\u00a0<\/li>\n\n\n\n<li>Veri Analiti\u011fi ve B\u00fcy\u00fck Veri\u200b<\/li>\n\n\n\n<li>Merkezi Olmayan Enerji Sistemleri Teknolojisi<\/li>\n\n\n\n<li>Karbon Yakalama, Kullanma ve Depolama Teknolojileri<\/li>\n\n\n\n<li>Elektrikli Ara\u00e7 \u015earj Altyap\u0131lar\u0131<\/li>\n\n\n\n<li>Su Ar\u0131tma ve Tuzdan Ar\u0131nd\u0131rma Teknolojileri<\/li>\n\n\n\n<li>\u200bD\u00f6ng\u00fcsel Teknolojiler ve Dijitalle\u015fme\u00a0<\/li>\n<\/ul>\n<\/div>\n<\/div>\n\n\n\n<h2 class=\"wp-block-heading\" id=\"neden-fark-labs-x-softtech-ai-accelerator-programina-basvurmalisin\">Neden ba\u015fvurmal\u0131s\u0131n?<\/h2>\n\n\n\n<p>Program, giri\u015fiminizin b\u00fcy\u00fcmesini desteklerken, GAMA Enerji ve Fark Labs&#8217;\u0131n sinerjize sanayi uzmanl\u0131\u011f\u0131, d\u00f6n\u00fc\u015f\u00fcm g\u00fcc\u00fc ve k\u00fcresel yat\u0131r\u0131mc\u0131 a\u011f\u0131 imkanlar\u0131 ile bulu\u015fman\u0131z\u0131 sa\u011flar.<\/p>\n<\/div><\/div>\n\n\n\n<div class=\"wp-block-group softgreen-zone small closer\"><div class=\"wp-block-group__inner-container is-layout-flow wp-block-group-is-layout-flow\">\n<div class=\"wp-block-group whitebg wide\"><div class=\"wp-block-group__inner-container is-layout-flow wp-block-group-is-layout-flow\">\n<div class=\"wp-block-columns is-layout-flex wp-container-core-columns-is-layout-9d6595d7 wp-block-columns-is-layout-flex\">\n<div class=\"wp-block-column text is-layout-flow wp-block-column-is-layout-flow\">\n<h2 class=\"wp-block-heading\" id=\"kimler-basvurmali\">Kimler ba\u015fvurmal\u0131?<\/h2>\n\n\n\n<ul class=\"bullets green noindent wp-block-list\">\n<li>Yukar\u0131da bahsedilen odak alanlar\u0131 i\u00e7in \u00e7\u00f6z\u00fcm sunan giri\u015fimciler, ara\u015ft\u0131rmac\u0131lar ve yenilik\u00e7iler.<\/li>\n\n\n\n<li>Enerji end\u00fcstrisinin bug\u00fcnk\u00fc ve gelecekteki zorluklar\u0131na somut ve \u00f6nemli \u00f6l\u00e7\u00fcde \u00e7\u00f6z\u00fcm teknoloji sahipleri.<\/li>\n\n\n\n<li>Y\u00fcksek b\u00fcy\u00fcme ve rekabet edebilme potansiyeline sahip, global olarak \u00f6l\u00e7eklenebilecek olan giri\u015fimler.<\/li>\n\n\n\n<li>Kurucu ekipte, enerji alan\u0131nda gerekli yetenek ve kabiliyetlere sahip bir teknik ve bir i\u015f geli\u015ftirme uzman\u0131 bulunduran ekipler.<\/li>\n<\/ul>\n\n\n<\/div>\n\n\n\n<div class=\"wp-block-column img is-layout-flow wp-block-column-is-layout-flow\">\n<figure class=\"wp-block-image size-large zero\"><img loading=\"lazy\" decoding=\"async\" width=\"1024\" height=\"1024\" src=\"https:\/\/www.farklabs.com\/wp-content\/uploads\/2024\/03\/website-GAMA_Enerji_inovasyon_Cagrisi-TR-1-1024x1024.jpg\" alt=\"\" class=\"wp-image-14591\" srcset=\"https:\/\/www.farklabs.com\/wp-content\/uploads\/2024\/03\/website-GAMA_Enerji_inovasyon_Cagrisi-TR-1-1024x1024.jpg 1024w, https:\/\/www.farklabs.com\/wp-content\/uploads\/2024\/03\/website-GAMA_Enerji_inovasyon_Cagrisi-TR-1-300x300.jpg 300w, https:\/\/www.farklabs.com\/wp-content\/uploads\/2024\/03\/website-GAMA_Enerji_inovasyon_Cagrisi-TR-1-150x150.jpg 150w, https:\/\/www.farklabs.com\/wp-content\/uploads\/2024\/03\/website-GAMA_Enerji_inovasyon_Cagrisi-TR-1-768x768.jpg 768w, https:\/\/www.farklabs.com\/wp-content\/uploads\/2024\/03\/website-GAMA_Enerji_inovasyon_Cagrisi-TR-1.jpg 1080w\" sizes=\"auto, (max-width: 1024px) 100vw, 1024px\" \/><\/figure>\n<\/div>\n<\/div>\n<\/div><\/div>\n\n\n\n<h2 class=\"wp-block-heading\" id=\"fark-labs-x-softtech-ai-accelerator-programi-ne-sunuyor\">Program neler sunuyor?<\/h2>\n\n\n\n<ul class=\"bullets green noindent wp-block-list\">\n<li>GAMA Enerji&#8217;nin end\u00fcstri bilgisine, teknik bilgi birikimine ve k\u00fcresel a\u011f\u0131na eri\u015fim imkan\u0131.<\/li>\n\n\n\n<li>Kazanan giri\u015fimler i\u00e7in GAMA Enerji &amp; Fark Labs taraf\u0131ndan yat\u0131r\u0131m f\u0131rsat\u0131.<\/li>\n\n\n\n<li>GAMA Enerji ile pilot projeler, teknoloji do\u011frulama ve ortakl\u0131k f\u0131rsatlar\u0131.<\/li>\n\n\n\n<li>Fark Labs&#8217;\u0131n k\u00fcresel akademisyenler, end\u00fcstri birlikleri, devlet kurumlar\u0131, risk sermayedarlar\u0131 ve melek yat\u0131r\u0131mc\u0131lar a\u011f\u0131na eri\u015fim imkan\u0131.<\/li>\n\n\n\n<li>Fark Labs\u2019in global ofislerine ve ortak \u00e7al\u0131\u015fma alanlar\u0131na eri\u015fim imkan\u0131.<\/li>\n\n\n\n<li>Tak\u0131m olu\u015fturma, i\u015f geli\u015ftirme ve uluslararas\u0131 geni\u015fleme konular\u0131nda yard\u0131m.<\/li>\n\n\n\n<li>Tecr\u00fcbeli bir giri\u015fimci veya end\u00fcstri uzman\u0131ndan mentorluk.<\/li>\n\n\n\n<li>Bir risk sermayedar\u0131ndan (VC) veya melek yat\u0131r\u0131mc\u0131dan mentorluk.<\/li>\n\n\n\n<li>\u00d6zel davetle yap\u0131lan demo g\u00fcnlerine ve yat\u0131r\u0131mc\u0131 g\u00fcnlerine eri\u015fim.<\/li>\n\n\n\n<li>Ara\u015ft\u0131rma, geli\u015ftirme ve \u00f6l\u00e7eklendirme destekleri yan\u0131 s\u0131ra en iyi performans g\u00f6steren 3 giri\u015fime toplam 150.000 TL nakit \u00f6d\u00fcl.<\/li>\n<\/ul>\n\n\n\n<h2 class=\"wp-block-heading\" id=\"ai-accelerator-programinin-sonunda-bunlari-yapabiliyor-olacaksiniz\">Program\u0131n sonunda kazan\u0131mlar\u0131n\u0131z:<\/h2>\n\n\n\n<ul class=\"bullets green noindent wp-block-list\">\n<li>Teknolojinizi ticari olarak test edin ve do\u011frulay\u0131n.<\/li>\n\n\n\n<li>Ana hedef pazar\u0131n\u0131za eri\u015fim sa\u011flamak i\u00e7in a\u011f deste\u011fi al\u0131n.<\/li>\n\n\n\n<li>Teknolojinizi yat\u0131r\u0131mc\u0131lara ve m\u00fc\u015fterilere sunun.<\/li>\n\n\n\n<li>Pazarlama s\u00fcrenizi h\u0131zland\u0131r\u0131n.<\/li>\n<\/ul>\n<\/div><\/div>\n\n\n\n<div class=\"wp-block-group whitebg join-our-ai closer full\"><div class=\"wp-block-group__inner-container is-layout-flow wp-block-group-is-layout-flow\">\n<div class=\"wp-block-columns are-vertically-aligned-center is-layout-flex wp-container-core-columns-is-layout-9d6595d7 wp-block-columns-is-layout-flex\">\n<div class=\"wp-block-column is-vertically-aligned-center img is-layout-flow wp-block-column-is-layout-flow\">\n<figure class=\"wp-block-image size-large zero\"><img loading=\"lazy\" decoding=\"async\" width=\"1024\" height=\"1024\" src=\"https:\/\/www.farklabs.com\/wp-content\/uploads\/2024\/03\/website-GAMA_Enerji_inovasyon_Cagrisi-TR-2-1024x1024.jpg\" alt=\"\" class=\"wp-image-14596\" srcset=\"https:\/\/www.farklabs.com\/wp-content\/uploads\/2024\/03\/website-GAMA_Enerji_inovasyon_Cagrisi-TR-2-1024x1024.jpg 1024w, https:\/\/www.farklabs.com\/wp-content\/uploads\/2024\/03\/website-GAMA_Enerji_inovasyon_Cagrisi-TR-2-300x300.jpg 300w, https:\/\/www.farklabs.com\/wp-content\/uploads\/2024\/03\/website-GAMA_Enerji_inovasyon_Cagrisi-TR-2-150x150.jpg 150w, https:\/\/www.farklabs.com\/wp-content\/uploads\/2024\/03\/website-GAMA_Enerji_inovasyon_Cagrisi-TR-2-768x768.jpg 768w, https:\/\/www.farklabs.com\/wp-content\/uploads\/2024\/03\/website-GAMA_Enerji_inovasyon_Cagrisi-TR-2.jpg 1080w\" sizes=\"auto, (max-width: 1024px) 100vw, 1024px\" \/><\/figure>\n<\/div>\n\n\n\n<div class=\"wp-block-column is-vertically-aligned-center text is-layout-flow wp-block-column-is-layout-flow\">\n<h2 class=\"wp-block-heading\" id=\"zaman-plani\">ZAMAN PLANI<\/h2>\n\n\n\n<ul class=\"bullets numbers green noindent wp-block-list\">\n<li>Son Ba\u015fvuru Tarihi: <strong>15 Nisan 2024<\/strong><\/li>\n\n\n\n<li>\u00d6n Eleme ve De\u011ferlendirme: <strong>18 Nisan 2024<\/strong><\/li>\n\n\n\n<li>Finalistlerin Belirlenmesi: <strong>3 <strong><strong>May\u0131s<\/strong><\/strong> 2024<\/strong><\/li>\n\n\n\n<li>Program Ba\u015flang\u0131c\u0131: <strong><strong><strong>May\u0131s<\/strong><\/strong> 2024<\/strong><\/li>\n\n\n\n<li>E\u011fitim, Mentorluk ve Ortak \u00c7al\u0131\u015fma Ba\u015flang\u0131\u00e7: <strong><strong>Haziran <\/strong>2024<\/strong><\/li>\n\n\n\n<li>Demo G\u00fcn\u00fc: <strong><strong>Eyl\u00fcl 2024<\/strong><\/strong><\/li>\n\n\n\n<li>\u00d6d\u00fcl alan Giri\u015fimlerle \u00c7al\u0131\u015fma Ba\u015flang\u0131\u00e7: <strong>Eyl\u00fcl 2024<\/strong><\/li>\n\n\n\n<li>Teknik Destek Program\u0131: <strong>Ekim 2024<\/strong><\/li>\n\n\n\n<li>Uygulama ve Destek: <strong>Kas\u0131m 2024<\/strong><\/li>\n<\/ul>\n\n\n<\/div>\n<\/div>\n<\/div><\/div>\n","protected":false},"excerpt":{"rendered":"<p>\u0130lginiz i\u00e7in te\u015fekk\u00fcr ederiz. Ba\u015fvurular sona erdi. ENERJ\u0130 SEKT\u00d6R\u00dcNDE YEN\u0130L\u0130K\u00c7\u0130LER\u0130N D\u0130KKAT\u0130NE! ENERJ\u0130 VE S\u00dcRD\u00dcR\u00dcLEB\u0130L\u0130RL\u0130K D\u00dcNYASINDA DEVR\u0130M YARATMAYA HAZIR MISINIZ? GAMA Enerji &amp; Fark Labs taraf\u0131ndan sunulan POWER UP Startup Challenge ve Yat\u0131r\u0131m Program\u0131, i\u015finizi bir \u00fcst seviyeye ta\u015f\u0131mak i\u00e7in m\u00fckemmel bir platform sunuyor! Bu program, enerji sekt\u00f6r\u00fcndeki temel zorluklar\u0131 ele alan, dijitalle\u015fmeyi, s\u00fcrd\u00fcr\u00fclebilirli\u011fi, verimlili\u011fi ve&hellip; <a class=\"more-link\" href=\"https:\/\/www.farklabs.com\/tr\/girisimler-better-future-path\/girisimler-gecmis-programlar\/enerji-inovasyon-cagrisi\/\">Continue reading <span class=\"screen-reader-text\">ENERJ\u0130 \u0130NOVASYON \u00c7A\u011eRISI<\/span><\/a><\/p>\n","protected":false},"author":1,"featured_media":0,"parent":14237,"menu_order":0,"comment_status":"closed","ping_status":"closed","template":"page-farplascolor.php","meta":{"_acf_changed":false,"om_disable_all_campaigns":false,"footnotes":""},"class_list":["post-12778","page","type-page","status-publish","hentry","entry"],"acf":[],"yoast_head":"<!-- This site is optimized with the Yoast SEO Premium plugin v27.3 (Yoast SEO v27.3) - https:\/\/yoast.com\/product\/yoast-seo-premium-wordpress\/ -->\n<title>Power UP: GAMA Enerji X Fark Labs\u2019ten Enerji \u0130novasyon \u00c7a\u011fr\u0131s\u0131<\/title>\n<meta name=\"description\" content=\"Enerji ve s\u00fcrd\u00fcr\u00fclebilirlik d\u00fcnyas\u0131nda devrim yaratmaya haz\u0131r m\u0131s\u0131n\u0131z? \u0130\u015f fikrini ve teknolojini b\u00fcy\u00fctmeye haz\u0131rsan, hemen ba\u015fvur!\" \/>\n<meta name=\"robots\" content=\"index, follow, max-snippet:-1, max-image-preview:large, max-video-preview:-1\" \/>\n<link rel=\"canonical\" href=\"https:\/\/www.farklabs.com\/tr\/girisimler-better-future-path\/enerji-inovasyon-cagrisi\/\" \/>\n<meta property=\"og:locale\" content=\"tr_TR\" \/>\n<meta property=\"og:type\" content=\"article\" \/>\n<meta property=\"og:title\" content=\"Power UP: GAMA Enerji X Fark Labs\u2019ten Enerji \u0130novasyon \u00c7a\u011fr\u0131s\u0131\" \/>\n<meta property=\"og:description\" content=\"Enerji ve s\u00fcrd\u00fcr\u00fclebilirlik d\u00fcnyas\u0131nda devrim yaratmaya haz\u0131r m\u0131s\u0131n\u0131z? \u0130\u015f fikrini ve teknolojini b\u00fcy\u00fctmeye haz\u0131rsan, hemen ba\u015fvur!\" \/>\n<meta property=\"og:url\" content=\"https:\/\/www.farklabs.com\/tr\/girisimler-better-future-path\/enerji-inovasyon-cagrisi\/\" \/>\n<meta property=\"og:site_name\" content=\"Fark Labs\" \/>\n<meta property=\"article:publisher\" content=\"https:\/\/www.facebook.com\/farklabs\/\" \/>\n<meta property=\"article:modified_time\" content=\"2024-04-19T11:09:45+00:00\" \/>\n<meta property=\"og:image\" content=\"https:\/\/www.farklabs.com\/wp-content\/uploads\/2024\/03\/TR-gama-enerji-1200x630-1.jpg\" \/>\n\t<meta property=\"og:image:width\" content=\"1200\" \/>\n\t<meta property=\"og:image:height\" content=\"630\" \/>\n\t<meta property=\"og:image:type\" content=\"image\/jpeg\" \/>\n<meta name=\"twitter:card\" content=\"summary_large_image\" \/>\n<meta name=\"twitter:title\" content=\"Power UP: GAMA Enerji X Fark Labs\u2019ten Enerji \u0130novasyon \u00c7a\u011fr\u0131s\u0131\" \/>\n<meta name=\"twitter:description\" content=\"Enerji ve s\u00fcrd\u00fcr\u00fclebilirlik d\u00fcnyas\u0131nda devrim yaratmaya haz\u0131r m\u0131s\u0131n\u0131z? \u0130\u015f fikrini ve teknolojini b\u00fcy\u00fctmeye haz\u0131rsan, hemen ba\u015fvur!\" \/>\n<meta name=\"twitter:site\" content=\"@farklabs\" \/>\n<meta name=\"twitter:label1\" content=\"Tahmini okuma s\u00fcresi\" \/>\n\t<meta name=\"twitter:data1\" content=\"3 dakika\" \/>\n<script type=\"application\/ld+json\" class=\"yoast-schema-graph\">{\"@context\":\"https:\\\/\\\/schema.org\",\"@graph\":[{\"@type\":\"WebPage\",\"@id\":\"https:\\\/\\\/www.farklabs.com\\\/tr\\\/girisimler-better-future-path\\\/enerji-inovasyon-cagrisi\\\/\",\"url\":\"https:\\\/\\\/www.farklabs.com\\\/tr\\\/girisimler-better-future-path\\\/enerji-inovasyon-cagrisi\\\/\",\"name\":\"Power UP: GAMA Enerji X Fark Labs\u2019ten Enerji \u0130novasyon \u00c7a\u011fr\u0131s\u0131\",\"isPartOf\":{\"@id\":\"https:\\\/\\\/www.farklabs.com\\\/#website\"},\"primaryImageOfPage\":{\"@id\":\"https:\\\/\\\/www.farklabs.com\\\/tr\\\/girisimler-better-future-path\\\/enerji-inovasyon-cagrisi\\\/#primaryimage\"},\"image\":{\"@id\":\"https:\\\/\\\/www.farklabs.com\\\/tr\\\/girisimler-better-future-path\\\/enerji-inovasyon-cagrisi\\\/#primaryimage\"},\"thumbnailUrl\":\"https:\\\/\\\/www.farklabs.com\\\/wp-content\\\/uploads\\\/2024\\\/03\\\/website-GAMA_Enerji_inovasyon_Cagrisi-TR-1-1024x1024.jpg\",\"datePublished\":\"2024-02-28T23:01:38+00:00\",\"dateModified\":\"2024-04-19T11:09:45+00:00\",\"description\":\"Enerji ve s\u00fcrd\u00fcr\u00fclebilirlik d\u00fcnyas\u0131nda devrim yaratmaya haz\u0131r m\u0131s\u0131n\u0131z? \u0130\u015f fikrini ve teknolojini b\u00fcy\u00fctmeye haz\u0131rsan, hemen ba\u015fvur!\",\"breadcrumb\":{\"@id\":\"https:\\\/\\\/www.farklabs.com\\\/tr\\\/girisimler-better-future-path\\\/enerji-inovasyon-cagrisi\\\/#breadcrumb\"},\"inLanguage\":\"tr\",\"potentialAction\":[{\"@type\":\"ReadAction\",\"target\":[\"https:\\\/\\\/www.farklabs.com\\\/tr\\\/girisimler-better-future-path\\\/enerji-inovasyon-cagrisi\\\/\"]}]},{\"@type\":\"ImageObject\",\"inLanguage\":\"tr\",\"@id\":\"https:\\\/\\\/www.farklabs.com\\\/tr\\\/girisimler-better-future-path\\\/enerji-inovasyon-cagrisi\\\/#primaryimage\",\"url\":\"https:\\\/\\\/www.farklabs.com\\\/wp-content\\\/uploads\\\/2024\\\/03\\\/website-GAMA_Enerji_inovasyon_Cagrisi-TR-1-1024x1024.jpg\",\"contentUrl\":\"https:\\\/\\\/www.farklabs.com\\\/wp-content\\\/uploads\\\/2024\\\/03\\\/website-GAMA_Enerji_inovasyon_Cagrisi-TR-1-1024x1024.jpg\"},{\"@type\":\"BreadcrumbList\",\"@id\":\"https:\\\/\\\/www.farklabs.com\\\/tr\\\/girisimler-better-future-path\\\/enerji-inovasyon-cagrisi\\\/#breadcrumb\",\"itemListElement\":[{\"@type\":\"ListItem\",\"position\":1,\"name\":\"Home\",\"item\":\"https:\\\/\\\/www.farklabs.com\\\/tr\\\/\"},{\"@type\":\"ListItem\",\"position\":2,\"name\":\"G\u0130R\u0130\u015e\u0130MLER\",\"item\":\"https:\\\/\\\/www.farklabs.com\\\/tr\\\/girisimler-better-future-path\\\/\"},{\"@type\":\"ListItem\",\"position\":3,\"name\":\"ENERJ\u0130 \u0130NOVASYON \u00c7A\u011eRISI\"}]},{\"@type\":\"WebSite\",\"@id\":\"https:\\\/\\\/www.farklabs.com\\\/#website\",\"url\":\"https:\\\/\\\/www.farklabs.com\\\/\",\"name\":\"Fark Labs\",\"description\":\"Better. Future. Together.\",\"publisher\":{\"@id\":\"https:\\\/\\\/www.farklabs.com\\\/#organization\"},\"potentialAction\":[{\"@type\":\"SearchAction\",\"target\":{\"@type\":\"EntryPoint\",\"urlTemplate\":\"https:\\\/\\\/www.farklabs.com\\\/?s={search_term_string}\"},\"query-input\":{\"@type\":\"PropertyValueSpecification\",\"valueRequired\":true,\"valueName\":\"search_term_string\"}}],\"inLanguage\":\"tr\"},{\"@type\":\"Organization\",\"@id\":\"https:\\\/\\\/www.farklabs.com\\\/#organization\",\"name\":\"Fark Labs\",\"url\":\"https:\\\/\\\/www.farklabs.com\\\/\",\"logo\":{\"@type\":\"ImageObject\",\"inLanguage\":\"tr\",\"@id\":\"https:\\\/\\\/www.farklabs.com\\\/#\\\/schema\\\/logo\\\/image\\\/\",\"url\":\"https:\\\/\\\/www.farklabs.com\\\/wp-content\\\/uploads\\\/2022\\\/04\\\/1-Fark-Labs-logo1.png\",\"contentUrl\":\"https:\\\/\\\/www.farklabs.com\\\/wp-content\\\/uploads\\\/2022\\\/04\\\/1-Fark-Labs-logo1.png\",\"width\":337,\"height\":150,\"caption\":\"Fark Labs\"},\"image\":{\"@id\":\"https:\\\/\\\/www.farklabs.com\\\/#\\\/schema\\\/logo\\\/image\\\/\"},\"sameAs\":[\"https:\\\/\\\/www.facebook.com\\\/farklabs\\\/\",\"https:\\\/\\\/x.com\\\/farklabs\",\"https:\\\/\\\/www.instagram.com\\\/farklabs\\\/\",\"https:\\\/\\\/www.linkedin.com\\\/company\\\/farklabs\\\/\",\"https:\\\/\\\/www.youtube.com\\\/c\\\/farklabs\"]}]}<\/script>\n<!-- \/ Yoast SEO Premium plugin. -->","yoast_head_json":{"title":"Power UP: GAMA Enerji X Fark Labs\u2019ten Enerji \u0130novasyon \u00c7a\u011fr\u0131s\u0131","description":"Enerji ve s\u00fcrd\u00fcr\u00fclebilirlik d\u00fcnyas\u0131nda devrim yaratmaya haz\u0131r m\u0131s\u0131n\u0131z? \u0130\u015f fikrini ve teknolojini b\u00fcy\u00fctmeye haz\u0131rsan, hemen ba\u015fvur!","robots":{"index":"index","follow":"follow","max-snippet":"max-snippet:-1","max-image-preview":"max-image-preview:large","max-video-preview":"max-video-preview:-1"},"canonical":"https:\/\/www.farklabs.com\/tr\/girisimler-better-future-path\/enerji-inovasyon-cagrisi\/","og_locale":"tr_TR","og_type":"article","og_title":"Power UP: GAMA Enerji X Fark Labs\u2019ten Enerji \u0130novasyon \u00c7a\u011fr\u0131s\u0131","og_description":"Enerji ve s\u00fcrd\u00fcr\u00fclebilirlik d\u00fcnyas\u0131nda devrim yaratmaya haz\u0131r m\u0131s\u0131n\u0131z? \u0130\u015f fikrini ve teknolojini b\u00fcy\u00fctmeye haz\u0131rsan, hemen ba\u015fvur!","og_url":"https:\/\/www.farklabs.com\/tr\/girisimler-better-future-path\/enerji-inovasyon-cagrisi\/","og_site_name":"Fark Labs","article_publisher":"https:\/\/www.facebook.com\/farklabs\/","article_modified_time":"2024-04-19T11:09:45+00:00","og_image":[{"width":1200,"height":630,"url":"https:\/\/www.farklabs.com\/wp-content\/uploads\/2024\/03\/TR-gama-enerji-1200x630-1.jpg","type":"image\/jpeg"}],"twitter_card":"summary_large_image","twitter_title":"Power UP: GAMA Enerji X Fark Labs\u2019ten Enerji \u0130novasyon \u00c7a\u011fr\u0131s\u0131","twitter_description":"Enerji ve s\u00fcrd\u00fcr\u00fclebilirlik d\u00fcnyas\u0131nda devrim yaratmaya haz\u0131r m\u0131s\u0131n\u0131z? \u0130\u015f fikrini ve teknolojini b\u00fcy\u00fctmeye haz\u0131rsan, hemen ba\u015fvur!","twitter_site":"@farklabs","twitter_misc":{"Tahmini okuma s\u00fcresi":"3 dakika"},"schema":{"@context":"https:\/\/schema.org","@graph":[{"@type":"WebPage","@id":"https:\/\/www.farklabs.com\/tr\/girisimler-better-future-path\/enerji-inovasyon-cagrisi\/","url":"https:\/\/www.farklabs.com\/tr\/girisimler-better-future-path\/enerji-inovasyon-cagrisi\/","name":"Power UP: GAMA Enerji X Fark Labs\u2019ten Enerji \u0130novasyon \u00c7a\u011fr\u0131s\u0131","isPartOf":{"@id":"https:\/\/www.farklabs.com\/#website"},"primaryImageOfPage":{"@id":"https:\/\/www.farklabs.com\/tr\/girisimler-better-future-path\/enerji-inovasyon-cagrisi\/#primaryimage"},"image":{"@id":"https:\/\/www.farklabs.com\/tr\/girisimler-better-future-path\/enerji-inovasyon-cagrisi\/#primaryimage"},"thumbnailUrl":"https:\/\/www.farklabs.com\/wp-content\/uploads\/2024\/03\/website-GAMA_Enerji_inovasyon_Cagrisi-TR-1-1024x1024.jpg","datePublished":"2024-02-28T23:01:38+00:00","dateModified":"2024-04-19T11:09:45+00:00","description":"Enerji ve s\u00fcrd\u00fcr\u00fclebilirlik d\u00fcnyas\u0131nda devrim yaratmaya haz\u0131r m\u0131s\u0131n\u0131z? \u0130\u015f fikrini ve teknolojini b\u00fcy\u00fctmeye haz\u0131rsan, hemen ba\u015fvur!","breadcrumb":{"@id":"https:\/\/www.farklabs.com\/tr\/girisimler-better-future-path\/enerji-inovasyon-cagrisi\/#breadcrumb"},"inLanguage":"tr","potentialAction":[{"@type":"ReadAction","target":["https:\/\/www.farklabs.com\/tr\/girisimler-better-future-path\/enerji-inovasyon-cagrisi\/"]}]},{"@type":"ImageObject","inLanguage":"tr","@id":"https:\/\/www.farklabs.com\/tr\/girisimler-better-future-path\/enerji-inovasyon-cagrisi\/#primaryimage","url":"https:\/\/www.farklabs.com\/wp-content\/uploads\/2024\/03\/website-GAMA_Enerji_inovasyon_Cagrisi-TR-1-1024x1024.jpg","contentUrl":"https:\/\/www.farklabs.com\/wp-content\/uploads\/2024\/03\/website-GAMA_Enerji_inovasyon_Cagrisi-TR-1-1024x1024.jpg"},{"@type":"BreadcrumbList","@id":"https:\/\/www.farklabs.com\/tr\/girisimler-better-future-path\/enerji-inovasyon-cagrisi\/#breadcrumb","itemListElement":[{"@type":"ListItem","position":1,"name":"Home","item":"https:\/\/www.farklabs.com\/tr\/"},{"@type":"ListItem","position":2,"name":"G\u0130R\u0130\u015e\u0130MLER","item":"https:\/\/www.farklabs.com\/tr\/girisimler-better-future-path\/"},{"@type":"ListItem","position":3,"name":"ENERJ\u0130 \u0130NOVASYON \u00c7A\u011eRISI"}]},{"@type":"WebSite","@id":"https:\/\/www.farklabs.com\/#website","url":"https:\/\/www.farklabs.com\/","name":"Fark Labs","description":"Better. Future. Together.","publisher":{"@id":"https:\/\/www.farklabs.com\/#organization"},"potentialAction":[{"@type":"SearchAction","target":{"@type":"EntryPoint","urlTemplate":"https:\/\/www.farklabs.com\/?s={search_term_string}"},"query-input":{"@type":"PropertyValueSpecification","valueRequired":true,"valueName":"search_term_string"}}],"inLanguage":"tr"},{"@type":"Organization","@id":"https:\/\/www.farklabs.com\/#organization","name":"Fark Labs","url":"https:\/\/www.farklabs.com\/","logo":{"@type":"ImageObject","inLanguage":"tr","@id":"https:\/\/www.farklabs.com\/#\/schema\/logo\/image\/","url":"https:\/\/www.farklabs.com\/wp-content\/uploads\/2022\/04\/1-Fark-Labs-logo1.png","contentUrl":"https:\/\/www.farklabs.com\/wp-content\/uploads\/2022\/04\/1-Fark-Labs-logo1.png","width":337,"height":150,"caption":"Fark Labs"},"image":{"@id":"https:\/\/www.farklabs.com\/#\/schema\/logo\/image\/"},"sameAs":["https:\/\/www.facebook.com\/farklabs\/","https:\/\/x.com\/farklabs","https:\/\/www.instagram.com\/farklabs\/","https:\/\/www.linkedin.com\/company\/farklabs\/","https:\/\/www.youtube.com\/c\/farklabs"]}]}},"_links":{"self":[{"href":"https:\/\/www.farklabs.com\/tr\/wp-json\/wp\/v2\/pages\/12778","targetHints":{"allow":["GET"]}}],"collection":[{"href":"https:\/\/www.farklabs.com\/tr\/wp-json\/wp\/v2\/pages"}],"about":[{"href":"https:\/\/www.farklabs.com\/tr\/wp-json\/wp\/v2\/types\/page"}],"author":[{"embeddable":true,"href":"https:\/\/www.farklabs.com\/tr\/wp-json\/wp\/v2\/users\/1"}],"replies":[{"embeddable":true,"href":"https:\/\/www.farklabs.com\/tr\/wp-json\/wp\/v2\/comments?post=12778"}],"version-history":[{"count":59,"href":"https:\/\/www.farklabs.com\/tr\/wp-json\/wp\/v2\/pages\/12778\/revisions"}],"predecessor-version":[{"id":14746,"href":"https:\/\/www.farklabs.com\/tr\/wp-json\/wp\/v2\/pages\/12778\/revisions\/14746"}],"up":[{"embeddable":true,"href":"https:\/\/www.farklabs.com\/tr\/wp-json\/wp\/v2\/pages\/14237"}],"wp:attachment":[{"href":"https:\/\/www.farklabs.com\/tr\/wp-json\/wp\/v2\/media?parent=12778"}],"curies":[{"name":"wp","href":"https:\/\/api.w.org\/{rel}","templated":true}]}}