{"id":14237,"date":"2024-03-07T12:20:53","date_gmt":"2024-03-07T09:20:53","guid":{"rendered":"https:\/\/www.farklabs.com\/?page_id=14237"},"modified":"2024-03-07T14:06:06","modified_gmt":"2024-03-07T11:06:06","slug":"girisimler-gecmis-programlar","status":"publish","type":"page","link":"https:\/\/www.farklabs.com\/tr\/girisimler-better-future-path\/girisimler-gecmis-programlar\/","title":{"rendered":"G\u0130R\u0130\u015e\u0130MLER &#8211; GE\u00c7M\u0130\u015e PROGRAMLAR"},"content":{"rendered":"\n<div id=\"incubation-acceleration-programs\" class=\"wp-block-group incubation-acceleration\"><div class=\"wp-block-group__inner-container is-layout-flow wp-block-group-is-layout-flow\"><!-- SIPA Content Start :twocolumns --><div class=\"grid-article grid-2col grid-gray\"><article data-palette=\"blue\">\n                \t<div class=\"col-img\"><a href=\"https:\/\/bit.ly\/39T0iq9\" class=\"stick\">KE\u015eFET<\/a><picture>\n\t\t\t\t\t\t\t<source media=\"(max-width: 769px)\" srcset=\"https:\/\/www.farklabs.com\/wp-content\/uploads\/2022\/05\/city-raptor-istanbul-call-for-projects-2022-fark-labs-1000x508-en.jpg\"> \n\t\t\t\t\t\t\t<source media=\"(min-width: 770px)\" srcset=\"https:\/\/www.farklabs.com\/wp-content\/uploads\/2022\/05\/city-raptor-istanbul-call-for-projects-2022-fark-labs-1000x508-en.jpg\">\n\t\t\t\t\t\t\t<img decoding=\"async\" src=\"https:\/\/www.farklabs.com\/wp-content\/uploads\/2022\/05\/city-raptor-istanbul-call-for-projects-2022-fark-labs-1000x508-en.jpg\" alt=\"\u0130stanbul B\u00fcy\u00fck\u015fehir Belediyesi ve EIT Urban Mobility ile City RAPTOR \u0130stanbul\">\n\t\t\t\t\t\t<\/picture>\n\t\t\t\t\t<\/div>\n\t\t\t\t\t<div class=\"col-text\">\n\t\t\t\t\t\t\n\t\t\t\t\t\t<h2>\u0130stanbul B\u00fcy\u00fck\u015fehir Belediyesi ve EIT Urban Mobility ile City RAPTOR \u0130stanbul<\/h2>\n\t\t\t\t\t\t\n\t\t\t\t\t\t<div class=\"desc\">\n\t\t\t\t\t\tCity RAPTOR \u0130stanbul 90.000 Euro&#8217;luk kentsel hareketlilik yar\u0131\u015fmas\u0131 i\u00e7in proje ba\u015fvurular\u0131 a\u00e7\u0131ld\u0131. \u0130stanbul&#8217;daki kentsel ula\u015f\u0131m zorluklar\u0131ndan birine yenilik\u00e7i bir \u00e7\u00f6z\u00fcm\u00fcn\u00fcz varsa bu \u00e7a\u011fr\u0131y\u0131 ka\u00e7\u0131rmay\u0131n!\n\t\t\t\t\t\t<\/div><p class=\"actions\"><a href=\"https:\/\/bit.ly\/39T0iq9\" class=\"mutton\">KE\u015eFET<\/a><\/p>\n\t\t\t\t\t<\/div>\n\t\t\t\t<\/article><article data-palette=\"purple\">\n                \t<div class=\"col-img\"><a href=\"https:\/\/www.farklabs.com\/tr\/girisimler-better-future-path\/girisimler-gecmis-programlar\/softtech-yapay-zeka-hizlandirma-programi\/\" class=\"stick\">KE\u015eFET<\/a><picture>\n\t\t\t\t\t\t\t<source media=\"(max-width: 769px)\" srcset=\"https:\/\/www.farklabs.com\/wp-content\/uploads\/2022\/04\/Softtech-Fark-Labs-Accelerator-program-1000x508-a-1.png\"> \n\t\t\t\t\t\t\t<source media=\"(min-width: 770px)\" srcset=\"https:\/\/www.farklabs.com\/wp-content\/uploads\/2022\/04\/Softtech-Fark-Labs-Accelerator-program-1000x508-a-1.png\">\n\t\t\t\t\t\t\t<img decoding=\"async\" src=\"https:\/\/www.farklabs.com\/wp-content\/uploads\/2022\/04\/Softtech-Fark-Labs-Accelerator-program-1000x508-a-1.png\" alt=\"Softtech x Fark Labs AI Accelerator Program\u0131\">\n\t\t\t\t\t\t<\/picture>\n\t\t\t\t\t<\/div>\n\t\t\t\t\t<div class=\"col-text\">\n\t\t\t\t\t\t\n\t\t\t\t\t\t<h2>Softtech x Fark Labs AI Accelerator Program\u0131<\/h2>\n\t\t\t\t\t\t\n\t\t\t\t\t\t<div class=\"desc\">\n\t\t\t\t\t\tSofttech x Fark Labs AI Accelerator program\u0131, giri\u015fiminizi, teknolojinizi ve finansal kaynaklar\u0131n\u0131z\u0131 h\u0131zland\u0131rarak yenilik\u00e7i yapay zeka startuplar\u0131n\u0131 destekler. Amac\u0131m\u0131z, vizyoner giri\u015fimcileri k\u00fcresel ba\u015far\u0131lara imza atmalar\u0131 i\u00e7in g\u00fc\u00e7lendirmek ve h\u0131zland\u0131rmakt\u0131r.\n\t\t\t\t\t\t<\/div><p class=\"actions\"><a href=\"https:\/\/www.farklabs.com\/tr\/girisimler-better-future-path\/girisimler-gecmis-programlar\/softtech-yapay-zeka-hizlandirma-programi\/\" class=\"mutton\">KE\u015eFET<\/a><\/p>\n\t\t\t\t\t<\/div>\n\t\t\t\t<\/article><article data-palette=\"green\">\n                \t<div class=\"col-img\"><a href=\"https:\/\/www.farklabs.com\/tr\/girisimler-better-future-path\/girisimler-gecmis-programlar\/mercedes-benz-turk-ventures-mobilite-hizlandirma-programi\/\" class=\"stick\">KE\u015eFET<\/a><picture>\n\t\t\t\t\t\t\t<source media=\"(max-width: 769px)\" srcset=\"https:\/\/www.farklabs.com\/wp-content\/uploads\/2022\/04\/mercedes-benz-turk-ventures-fark-labs-tekmer-mobilite-hizlandirma-programi-3-1.png\"> \n\t\t\t\t\t\t\t<source media=\"(min-width: 770px)\" srcset=\"https:\/\/www.farklabs.com\/wp-content\/uploads\/2022\/04\/mercedes-benz-turk-ventures-fark-labs-tekmer-mobilite-hizlandirma-programi-3-1.png\">\n\t\t\t\t\t\t\t<img decoding=\"async\" src=\"https:\/\/www.farklabs.com\/wp-content\/uploads\/2022\/04\/mercedes-benz-turk-ventures-fark-labs-tekmer-mobilite-hizlandirma-programi-3-1.png\" alt=\"Mercedes-Benz T\u00fcrk Ventures x Fark Labs Tekmer H\u0131zland\u0131rma ve Yat\u0131r\u0131m Program\u0131\">\n\t\t\t\t\t\t<\/picture>\n\t\t\t\t\t<\/div>\n\t\t\t\t\t<div class=\"col-text\">\n\t\t\t\t\t\t\n\t\t\t\t\t\t<h2>Mercedes-Benz T\u00fcrk Ventures x Fark Labs Tekmer H\u0131zland\u0131rma ve Yat\u0131r\u0131m Program\u0131<\/h2>\n\t\t\t\t\t\t\n\t\t\t\t\t\t<div class=\"desc\">\n\t\t\t\t\t\t\u201cMobilite d\u00fcnyas\u0131n\u0131 de\u011fi\u015ftirecek eksik par\u00e7a benim!\u201d diyorsan, giri\u015fimini uluslararas\u0131 seviyeye ta\u015f\u0131mak i\u00e7in Mercedes-Benz T\u00fcrk Ventures ile birlikte ba\u015flatt\u0131\u011f\u0131m\u0131z h\u0131zland\u0131rma ve yat\u0131r\u0131m program\u0131 senin i\u00e7in bi\u00e7ilmi\u015f kaftan!\n\t\t\t\t\t\t<\/div><p class=\"actions\"><a href=\"https:\/\/www.farklabs.com\/tr\/girisimler-better-future-path\/girisimler-gecmis-programlar\/mercedes-benz-turk-ventures-mobilite-hizlandirma-programi\/\" class=\"mutton\">KE\u015eFET<\/a><\/p>\n\t\t\t\t\t<\/div>\n\t\t\t\t<\/article><\/div><!-- SIPA Content end -->\n<\/div><\/div>\n\n\n","protected":false},"excerpt":{"rendered":"<p>FEATURED NEWS #BETTERFUTUREPATH SEE ALL<\/p>\n","protected":false},"author":1,"featured_media":5891,"parent":5889,"menu_order":0,"comment_status":"closed","ping_status":"closed","template":"page-farplas.php","meta":{"_acf_changed":false,"om_disable_all_campaigns":false,"footnotes":""},"class_list":["post-14237","page","type-page","status-publish","has-post-thumbnail","hentry","entry"],"acf":[],"yoast_head":"<!-- This site is optimized with the Yoast SEO Premium plugin v27.3 (Yoast SEO v27.3) - https:\/\/yoast.com\/product\/yoast-seo-premium-wordpress\/ -->\n<title>G\u0130R\u0130\u015e\u0130MLER - GE\u00c7M\u0130\u015e PROGRAMLAR - Fark Labs<\/title>\n<meta name=\"robots\" content=\"index, follow, max-snippet:-1, max-image-preview:large, max-video-preview:-1\" \/>\n<link rel=\"canonical\" href=\"https:\/\/www.farklabs.com\/tr\/girisimler-better-future-path\/girisimler-gecmis-programlar\/\" \/>\n<meta property=\"og:locale\" content=\"tr_TR\" \/>\n<meta property=\"og:type\" content=\"article\" \/>\n<meta property=\"og:title\" content=\"G\u0130R\u0130\u015e\u0130MLER - GE\u00c7M\u0130\u015e PROGRAMLAR\" \/>\n<meta property=\"og:description\" content=\"FEATURED NEWS #BETTERFUTUREPATH SEE ALL\" \/>\n<meta property=\"og:url\" content=\"https:\/\/www.farklabs.com\/tr\/girisimler-better-future-path\/girisimler-gecmis-programlar\/\" \/>\n<meta property=\"og:site_name\" content=\"Fark Labs\" \/>\n<meta property=\"article:publisher\" content=\"https:\/\/www.facebook.com\/farklabs\/\" \/>\n<meta property=\"article:modified_time\" content=\"2024-03-07T11:06:06+00:00\" \/>\n<meta property=\"og:image\" content=\"https:\/\/www.farklabs.com\/wp-content\/uploads\/2021\/12\/startups-cover.jpg\" \/>\n\t<meta property=\"og:image:width\" content=\"1440\" \/>\n\t<meta property=\"og:image:height\" content=\"480\" \/>\n\t<meta property=\"og:image:type\" content=\"image\/jpeg\" \/>\n<meta name=\"twitter:card\" content=\"summary_large_image\" \/>\n<meta name=\"twitter:site\" content=\"@farklabs\" \/>\n<meta name=\"twitter:label1\" content=\"Tahmini okuma s\u00fcresi\" \/>\n\t<meta name=\"twitter:data1\" content=\"1 dakika\" \/>\n<script type=\"application\/ld+json\" class=\"yoast-schema-graph\">{\"@context\":\"https:\\\/\\\/schema.org\",\"@graph\":[{\"@type\":\"WebPage\",\"@id\":\"https:\\\/\\\/www.farklabs.com\\\/tr\\\/girisimler-better-future-path\\\/girisimler-gecmis-programlar\\\/\",\"url\":\"https:\\\/\\\/www.farklabs.com\\\/tr\\\/girisimler-better-future-path\\\/girisimler-gecmis-programlar\\\/\",\"name\":\"G\u0130R\u0130\u015e\u0130MLER - GE\u00c7M\u0130\u015e PROGRAMLAR - Fark Labs\",\"isPartOf\":{\"@id\":\"https:\\\/\\\/www.farklabs.com\\\/#website\"},\"primaryImageOfPage\":{\"@id\":\"https:\\\/\\\/www.farklabs.com\\\/tr\\\/girisimler-better-future-path\\\/girisimler-gecmis-programlar\\\/#primaryimage\"},\"image\":{\"@id\":\"https:\\\/\\\/www.farklabs.com\\\/tr\\\/girisimler-better-future-path\\\/girisimler-gecmis-programlar\\\/#primaryimage\"},\"thumbnailUrl\":\"https:\\\/\\\/www.farklabs.com\\\/wp-content\\\/uploads\\\/2021\\\/12\\\/startups-cover.jpg\",\"datePublished\":\"2024-03-07T09:20:53+00:00\",\"dateModified\":\"2024-03-07T11:06:06+00:00\",\"breadcrumb\":{\"@id\":\"https:\\\/\\\/www.farklabs.com\\\/tr\\\/girisimler-better-future-path\\\/girisimler-gecmis-programlar\\\/#breadcrumb\"},\"inLanguage\":\"tr\",\"potentialAction\":[{\"@type\":\"ReadAction\",\"target\":[\"https:\\\/\\\/www.farklabs.com\\\/tr\\\/girisimler-better-future-path\\\/girisimler-gecmis-programlar\\\/\"]}]},{\"@type\":\"ImageObject\",\"inLanguage\":\"tr\",\"@id\":\"https:\\\/\\\/www.farklabs.com\\\/tr\\\/girisimler-better-future-path\\\/girisimler-gecmis-programlar\\\/#primaryimage\",\"url\":\"https:\\\/\\\/www.farklabs.com\\\/wp-content\\\/uploads\\\/2021\\\/12\\\/startups-cover.jpg\",\"contentUrl\":\"https:\\\/\\\/www.farklabs.com\\\/wp-content\\\/uploads\\\/2021\\\/12\\\/startups-cover.jpg\",\"width\":1440,\"height\":480},{\"@type\":\"BreadcrumbList\",\"@id\":\"https:\\\/\\\/www.farklabs.com\\\/tr\\\/girisimler-better-future-path\\\/girisimler-gecmis-programlar\\\/#breadcrumb\",\"itemListElement\":[{\"@type\":\"ListItem\",\"position\":1,\"name\":\"Home\",\"item\":\"https:\\\/\\\/www.farklabs.com\\\/tr\\\/\"},{\"@type\":\"ListItem\",\"position\":2,\"name\":\"G\u0130R\u0130\u015e\u0130MLER\",\"item\":\"https:\\\/\\\/www.farklabs.com\\\/tr\\\/girisimler-better-future-path\\\/\"},{\"@type\":\"ListItem\",\"position\":3,\"name\":\"G\u0130R\u0130\u015e\u0130MLER &#8211; GE\u00c7M\u0130\u015e PROGRAMLAR\"}]},{\"@type\":\"WebSite\",\"@id\":\"https:\\\/\\\/www.farklabs.com\\\/#website\",\"url\":\"https:\\\/\\\/www.farklabs.com\\\/\",\"name\":\"Fark Labs\",\"description\":\"Better. Future. Together.\",\"publisher\":{\"@id\":\"https:\\\/\\\/www.farklabs.com\\\/#organization\"},\"potentialAction\":[{\"@type\":\"SearchAction\",\"target\":{\"@type\":\"EntryPoint\",\"urlTemplate\":\"https:\\\/\\\/www.farklabs.com\\\/?s={search_term_string}\"},\"query-input\":{\"@type\":\"PropertyValueSpecification\",\"valueRequired\":true,\"valueName\":\"search_term_string\"}}],\"inLanguage\":\"tr\"},{\"@type\":\"Organization\",\"@id\":\"https:\\\/\\\/www.farklabs.com\\\/#organization\",\"name\":\"Fark Labs\",\"url\":\"https:\\\/\\\/www.farklabs.com\\\/\",\"logo\":{\"@type\":\"ImageObject\",\"inLanguage\":\"tr\",\"@id\":\"https:\\\/\\\/www.farklabs.com\\\/#\\\/schema\\\/logo\\\/image\\\/\",\"url\":\"https:\\\/\\\/www.farklabs.com\\\/wp-content\\\/uploads\\\/2022\\\/04\\\/1-Fark-Labs-logo1.png\",\"contentUrl\":\"https:\\\/\\\/www.farklabs.com\\\/wp-content\\\/uploads\\\/2022\\\/04\\\/1-Fark-Labs-logo1.png\",\"width\":337,\"height\":150,\"caption\":\"Fark Labs\"},\"image\":{\"@id\":\"https:\\\/\\\/www.farklabs.com\\\/#\\\/schema\\\/logo\\\/image\\\/\"},\"sameAs\":[\"https:\\\/\\\/www.facebook.com\\\/farklabs\\\/\",\"https:\\\/\\\/x.com\\\/farklabs\",\"https:\\\/\\\/www.instagram.com\\\/farklabs\\\/\",\"https:\\\/\\\/www.linkedin.com\\\/company\\\/farklabs\\\/\",\"https:\\\/\\\/www.youtube.com\\\/c\\\/farklabs\"]}]}<\/script>\n<!-- \/ Yoast SEO Premium plugin. -->","yoast_head_json":{"title":"G\u0130R\u0130\u015e\u0130MLER - GE\u00c7M\u0130\u015e PROGRAMLAR - Fark Labs","robots":{"index":"index","follow":"follow","max-snippet":"max-snippet:-1","max-image-preview":"max-image-preview:large","max-video-preview":"max-video-preview:-1"},"canonical":"https:\/\/www.farklabs.com\/tr\/girisimler-better-future-path\/girisimler-gecmis-programlar\/","og_locale":"tr_TR","og_type":"article","og_title":"G\u0130R\u0130\u015e\u0130MLER - GE\u00c7M\u0130\u015e PROGRAMLAR","og_description":"FEATURED NEWS #BETTERFUTUREPATH SEE ALL","og_url":"https:\/\/www.farklabs.com\/tr\/girisimler-better-future-path\/girisimler-gecmis-programlar\/","og_site_name":"Fark Labs","article_publisher":"https:\/\/www.facebook.com\/farklabs\/","article_modified_time":"2024-03-07T11:06:06+00:00","og_image":[{"width":1440,"height":480,"url":"https:\/\/www.farklabs.com\/wp-content\/uploads\/2021\/12\/startups-cover.jpg","type":"image\/jpeg"}],"twitter_card":"summary_large_image","twitter_site":"@farklabs","twitter_misc":{"Tahmini okuma s\u00fcresi":"1 dakika"},"schema":{"@context":"https:\/\/schema.org","@graph":[{"@type":"WebPage","@id":"https:\/\/www.farklabs.com\/tr\/girisimler-better-future-path\/girisimler-gecmis-programlar\/","url":"https:\/\/www.farklabs.com\/tr\/girisimler-better-future-path\/girisimler-gecmis-programlar\/","name":"G\u0130R\u0130\u015e\u0130MLER - GE\u00c7M\u0130\u015e PROGRAMLAR - Fark Labs","isPartOf":{"@id":"https:\/\/www.farklabs.com\/#website"},"primaryImageOfPage":{"@id":"https:\/\/www.farklabs.com\/tr\/girisimler-better-future-path\/girisimler-gecmis-programlar\/#primaryimage"},"image":{"@id":"https:\/\/www.farklabs.com\/tr\/girisimler-better-future-path\/girisimler-gecmis-programlar\/#primaryimage"},"thumbnailUrl":"https:\/\/www.farklabs.com\/wp-content\/uploads\/2021\/12\/startups-cover.jpg","datePublished":"2024-03-07T09:20:53+00:00","dateModified":"2024-03-07T11:06:06+00:00","breadcrumb":{"@id":"https:\/\/www.farklabs.com\/tr\/girisimler-better-future-path\/girisimler-gecmis-programlar\/#breadcrumb"},"inLanguage":"tr","potentialAction":[{"@type":"ReadAction","target":["https:\/\/www.farklabs.com\/tr\/girisimler-better-future-path\/girisimler-gecmis-programlar\/"]}]},{"@type":"ImageObject","inLanguage":"tr","@id":"https:\/\/www.farklabs.com\/tr\/girisimler-better-future-path\/girisimler-gecmis-programlar\/#primaryimage","url":"https:\/\/www.farklabs.com\/wp-content\/uploads\/2021\/12\/startups-cover.jpg","contentUrl":"https:\/\/www.farklabs.com\/wp-content\/uploads\/2021\/12\/startups-cover.jpg","width":1440,"height":480},{"@type":"BreadcrumbList","@id":"https:\/\/www.farklabs.com\/tr\/girisimler-better-future-path\/girisimler-gecmis-programlar\/#breadcrumb","itemListElement":[{"@type":"ListItem","position":1,"name":"Home","item":"https:\/\/www.farklabs.com\/tr\/"},{"@type":"ListItem","position":2,"name":"G\u0130R\u0130\u015e\u0130MLER","item":"https:\/\/www.farklabs.com\/tr\/girisimler-better-future-path\/"},{"@type":"ListItem","position":3,"name":"G\u0130R\u0130\u015e\u0130MLER &#8211; GE\u00c7M\u0130\u015e PROGRAMLAR"}]},{"@type":"WebSite","@id":"https:\/\/www.farklabs.com\/#website","url":"https:\/\/www.farklabs.com\/","name":"Fark Labs","description":"Better. Future. Together.","publisher":{"@id":"https:\/\/www.farklabs.com\/#organization"},"potentialAction":[{"@type":"SearchAction","target":{"@type":"EntryPoint","urlTemplate":"https:\/\/www.farklabs.com\/?s={search_term_string}"},"query-input":{"@type":"PropertyValueSpecification","valueRequired":true,"valueName":"search_term_string"}}],"inLanguage":"tr"},{"@type":"Organization","@id":"https:\/\/www.farklabs.com\/#organization","name":"Fark Labs","url":"https:\/\/www.farklabs.com\/","logo":{"@type":"ImageObject","inLanguage":"tr","@id":"https:\/\/www.farklabs.com\/#\/schema\/logo\/image\/","url":"https:\/\/www.farklabs.com\/wp-content\/uploads\/2022\/04\/1-Fark-Labs-logo1.png","contentUrl":"https:\/\/www.farklabs.com\/wp-content\/uploads\/2022\/04\/1-Fark-Labs-logo1.png","width":337,"height":150,"caption":"Fark Labs"},"image":{"@id":"https:\/\/www.farklabs.com\/#\/schema\/logo\/image\/"},"sameAs":["https:\/\/www.facebook.com\/farklabs\/","https:\/\/x.com\/farklabs","https:\/\/www.instagram.com\/farklabs\/","https:\/\/www.linkedin.com\/company\/farklabs\/","https:\/\/www.youtube.com\/c\/farklabs"]}]}},"_links":{"self":[{"href":"https:\/\/www.farklabs.com\/tr\/wp-json\/wp\/v2\/pages\/14237","targetHints":{"allow":["GET"]}}],"collection":[{"href":"https:\/\/www.farklabs.com\/tr\/wp-json\/wp\/v2\/pages"}],"about":[{"href":"https:\/\/www.farklabs.com\/tr\/wp-json\/wp\/v2\/types\/page"}],"author":[{"embeddable":true,"href":"https:\/\/www.farklabs.com\/tr\/wp-json\/wp\/v2\/users\/1"}],"replies":[{"embeddable":true,"href":"https:\/\/www.farklabs.com\/tr\/wp-json\/wp\/v2\/comments?post=14237"}],"version-history":[{"count":6,"href":"https:\/\/www.farklabs.com\/tr\/wp-json\/wp\/v2\/pages\/14237\/revisions"}],"predecessor-version":[{"id":14500,"href":"https:\/\/www.farklabs.com\/tr\/wp-json\/wp\/v2\/pages\/14237\/revisions\/14500"}],"up":[{"embeddable":true,"href":"https:\/\/www.farklabs.com\/tr\/wp-json\/wp\/v2\/pages\/5889"}],"wp:featuredmedia":[{"embeddable":true,"href":"https:\/\/www.farklabs.com\/tr\/wp-json\/wp\/v2\/media\/5891"}],"wp:attachment":[{"href":"https:\/\/www.farklabs.com\/tr\/wp-json\/wp\/v2\/media?parent=14237"}],"curies":[{"name":"wp","href":"https:\/\/api.w.org\/{rel}","templated":true}]}}