{"id":7547,"date":"2021-10-04T19:26:09","date_gmt":"2021-10-04T16:26:09","guid":{"rendered":"https:\/\/www.farklabs.com\/focus-areas\/"},"modified":"2022-03-26T14:32:04","modified_gmt":"2022-03-26T11:32:04","slug":"odak-alanlari","status":"publish","type":"page","link":"https:\/\/www.farklabs.com\/tr\/odak-alanlari\/","title":{"rendered":"Odak Alanlar\u0131"},"content":{"rendered":"\n<div class=\"wp-block-group focus-areas darkblue closer\"><div class=\"wp-block-group__inner-container is-layout-flow wp-block-group-is-layout-flow\"><!-- SIPA Content Start :default --><div class=\"grid-article grid-focus-areas iconic\"><article data-palette=\"blue\">\n                <picture class=\"img\">\n\t\t\t\t\t\t<source media=\"(max-width: 769px)\" srcset=\"https:\/\/www.farklabs.com\/wp-content\/uploads\/2021\/12\/ico-mobility.png\"> \n\t\t\t\t\t\t<source media=\"(min-width: 770px)\" srcset=\"https:\/\/www.farklabs.com\/wp-content\/uploads\/2021\/12\/ico-mobility.png\">\n\t\t\t\t\t\t<img decoding=\"async\" src=\"https:\/\/www.farklabs.com\/wp-content\/uploads\/2021\/12\/ico-mobility.png\" alt=\"MOB\u0130L\u0130TE\">\n\t\t\t\t\t<\/picture>\n\n\t\t\t\t\t<h2>MOB\u0130L\u0130TE<\/h2>\n\t\t\t\t\t<div class=\"desc\">\n\t\t\t\t\t<!-- wp:paragraph -->\n<p>Kentsel hareketlili\u011fin gelece\u011fini bi\u00e7imlendirecek yenilik\u00e7i fikirlerin harekete ge\u00e7irilmesi i\u00e7in \u00e7ok y\u00f6nl\u00fc end\u00fcstriyel tecr\u00fcbelerimizi payla\u015f\u0131yoruz.<\/p>\n<!-- \/wp:paragraph -->\n\t\t\t\t\t<\/div><p class=\"actions\"><a href=\"https:\/\/www.farklabs.com\/tr\/odak-alanlari\/mobilite\/\" class=\"mutton\">KE\u015eFET<\/a><\/p>\n\t\t\t\t<\/article><article data-palette=\"green\">\n                <picture class=\"img\">\n\t\t\t\t\t\t<source media=\"(max-width: 769px)\" srcset=\"https:\/\/www.farklabs.com\/wp-content\/uploads\/2021\/12\/ico-lifesciences.png\"> \n\t\t\t\t\t\t<source media=\"(min-width: 770px)\" srcset=\"https:\/\/www.farklabs.com\/wp-content\/uploads\/2021\/12\/ico-lifesciences.png\">\n\t\t\t\t\t\t<img decoding=\"async\" src=\"https:\/\/www.farklabs.com\/wp-content\/uploads\/2021\/12\/ico-lifesciences.png\" alt=\"YA\u015eAM B\u0130L\u0130MLER\u0130\">\n\t\t\t\t\t<\/picture>\n\n\t\t\t\t\t<h2>YA\u015eAM B\u0130L\u0130MLER\u0130<\/h2>\n\t\t\t\t\t<div class=\"desc\">\n\t\t\t\t\t<!-- wp:paragraph -->\n<p>Daha sa\u011fl\u0131kl\u0131 bir gelece\u011fe y\u00f6nelik at\u0131l\u0131mlar\u0131 h\u0131zland\u0131racak yeni teknolojileri geli\u015ftirmeleri i\u00e7in giri\u015fimcileri g\u00fc\u00e7lendiriyoruz.<\/p>\n<!-- \/wp:paragraph -->\n\t\t\t\t\t<\/div><p class=\"actions\"><a href=\"https:\/\/www.farklabs.com\/tr\/odak-alanlari\/yasam-bilimleri\/\" class=\"mutton\">KE\u015eFET<\/a><\/p>\n\t\t\t\t<\/article><article data-palette=\"orange\">\n                <picture class=\"img\">\n\t\t\t\t\t\t<source media=\"(max-width: 769px)\" srcset=\"https:\/\/www.farklabs.com\/wp-content\/uploads\/2021\/12\/ico-sustainable.png\"> \n\t\t\t\t\t\t<source media=\"(min-width: 770px)\" srcset=\"https:\/\/www.farklabs.com\/wp-content\/uploads\/2021\/12\/ico-sustainable.png\">\n\t\t\t\t\t\t<img decoding=\"async\" src=\"https:\/\/www.farklabs.com\/wp-content\/uploads\/2021\/12\/ico-sustainable.png\" alt=\"S\u00dcRD\u00dcR\u00dcLEB\u0130L\u0130R YA\u015eAM\">\n\t\t\t\t\t<\/picture>\n\n\t\t\t\t\t<h2>S\u00dcRD\u00dcR\u00dcLEB\u0130L\u0130R YA\u015eAM<\/h2>\n\t\t\t\t\t<div class=\"desc\">\n\t\t\t\t\t<!-- wp:paragraph -->\n<p>S\u00fcrd\u00fcr\u00fclebilir Kalk\u0131nma Ama\u00e7lar\u0131\u2019na y\u00f6nelik ezberbozan \u00e7\u00f6z\u00fcmler \u00fcreten giri\u015fimcileri destekleyerek daha s\u00fcrd\u00fcr\u00fclebilir bir gelece\u011fe katk\u0131da bulunuyoruz.<\/p>\n<!-- \/wp:paragraph -->\n\t\t\t\t\t<\/div><p class=\"actions\"><a href=\"https:\/\/www.farklabs.com\/tr\/odak-alanlari\/surdurulebilir-yasam\/\" class=\"mutton\">KE\u015eFET<\/a><\/p>\n\t\t\t\t<\/article><article data-palette=\"purple\">\n                <picture class=\"img\">\n\t\t\t\t\t\t<source media=\"(max-width: 769px)\" srcset=\"https:\/\/www.farklabs.com\/wp-content\/uploads\/2021\/12\/ico-curiosity.png\"> \n\t\t\t\t\t\t<source media=\"(min-width: 770px)\" srcset=\"https:\/\/www.farklabs.com\/wp-content\/uploads\/2021\/12\/ico-curiosity.png\">\n\t\t\t\t\t\t<img decoding=\"async\" src=\"https:\/\/www.farklabs.com\/wp-content\/uploads\/2021\/12\/ico-curiosity.png\" alt=\"YEN\u0130 TEKNOLOJ\u0130LER\">\n\t\t\t\t\t<\/picture>\n\n\t\t\t\t\t<h2>YEN\u0130 TEKNOLOJ\u0130LER<\/h2>\n\t\t\t\t\t<div class=\"desc\">\n\t\t\t\t\t<!-- wp:paragraph -->\n<p>\u0130novasyonu te\u015fvik etmek ve gelece\u011fin trendlerini \u00f6ng\u00f6rmek i\u00e7in tutkuyla merakl\u0131 zihinleri cesaretlendiriyoruz.<\/p>\n<!-- \/wp:paragraph -->\n\t\t\t\t\t<\/div><p class=\"actions\"><a href=\"https:\/\/www.farklabs.com\/tr\/odak-alanlari\/yeni-teknolojiler\/\" class=\"mutton\">KE\u015eFET<\/a><\/p>\n\t\t\t\t<\/article><\/div><!-- SIPA Content end -->\n<\/div><\/div>\n","protected":false},"excerpt":{"rendered":"","protected":false},"author":1,"featured_media":7548,"parent":0,"menu_order":0,"comment_status":"closed","ping_status":"closed","template":"page-farplas.php","meta":{"_acf_changed":false,"om_disable_all_campaigns":false,"footnotes":""},"class_list":["post-7547","page","type-page","status-publish","has-post-thumbnail","hentry","entry"],"acf":[],"yoast_head":"<!-- This site is optimized with the Yoast SEO Premium plugin v27.3 (Yoast SEO v27.3) - https:\/\/yoast.com\/product\/yoast-seo-premium-wordpress\/ -->\n<title>Odak Alanlar\u0131 - Fark Labs<\/title>\n<meta name=\"robots\" content=\"index, follow, max-snippet:-1, max-image-preview:large, max-video-preview:-1\" \/>\n<link rel=\"canonical\" href=\"https:\/\/www.farklabs.com\/tr\/odak-alanlari\/\" \/>\n<meta property=\"og:locale\" content=\"tr_TR\" \/>\n<meta property=\"og:type\" content=\"article\" \/>\n<meta property=\"og:title\" content=\"Odak Alanlar\u0131\" \/>\n<meta property=\"og:url\" content=\"https:\/\/www.farklabs.com\/tr\/odak-alanlari\/\" \/>\n<meta property=\"og:site_name\" content=\"Fark Labs\" \/>\n<meta property=\"article:publisher\" content=\"https:\/\/www.facebook.com\/farklabs\/\" \/>\n<meta property=\"article:modified_time\" content=\"2022-03-26T11:32:04+00:00\" \/>\n<meta property=\"og:image\" content=\"https:\/\/www.farklabs.com\/wp-content\/uploads\/2021\/12\/jobopenings-cover.jpg\" \/>\n\t<meta property=\"og:image:width\" content=\"1440\" \/>\n\t<meta property=\"og:image:height\" content=\"480\" \/>\n\t<meta property=\"og:image:type\" content=\"image\/jpeg\" \/>\n<meta name=\"twitter:card\" content=\"summary_large_image\" \/>\n<meta name=\"twitter:site\" content=\"@farklabs\" \/>\n<script type=\"application\/ld+json\" class=\"yoast-schema-graph\">{\"@context\":\"https:\\\/\\\/schema.org\",\"@graph\":[{\"@type\":\"WebPage\",\"@id\":\"https:\\\/\\\/www.farklabs.com\\\/tr\\\/odak-alanlari\\\/\",\"url\":\"https:\\\/\\\/www.farklabs.com\\\/tr\\\/odak-alanlari\\\/\",\"name\":\"Odak Alanlar\u0131 - Fark Labs\",\"isPartOf\":{\"@id\":\"https:\\\/\\\/www.farklabs.com\\\/#website\"},\"primaryImageOfPage\":{\"@id\":\"https:\\\/\\\/www.farklabs.com\\\/tr\\\/odak-alanlari\\\/#primaryimage\"},\"image\":{\"@id\":\"https:\\\/\\\/www.farklabs.com\\\/tr\\\/odak-alanlari\\\/#primaryimage\"},\"thumbnailUrl\":\"https:\\\/\\\/www.farklabs.com\\\/wp-content\\\/uploads\\\/2021\\\/12\\\/jobopenings-cover.jpg\",\"datePublished\":\"2021-10-04T16:26:09+00:00\",\"dateModified\":\"2022-03-26T11:32:04+00:00\",\"breadcrumb\":{\"@id\":\"https:\\\/\\\/www.farklabs.com\\\/tr\\\/odak-alanlari\\\/#breadcrumb\"},\"inLanguage\":\"tr\",\"potentialAction\":[{\"@type\":\"ReadAction\",\"target\":[\"https:\\\/\\\/www.farklabs.com\\\/tr\\\/odak-alanlari\\\/\"]}]},{\"@type\":\"ImageObject\",\"inLanguage\":\"tr\",\"@id\":\"https:\\\/\\\/www.farklabs.com\\\/tr\\\/odak-alanlari\\\/#primaryimage\",\"url\":\"https:\\\/\\\/www.farklabs.com\\\/wp-content\\\/uploads\\\/2021\\\/12\\\/jobopenings-cover.jpg\",\"contentUrl\":\"https:\\\/\\\/www.farklabs.com\\\/wp-content\\\/uploads\\\/2021\\\/12\\\/jobopenings-cover.jpg\",\"width\":1440,\"height\":480},{\"@type\":\"BreadcrumbList\",\"@id\":\"https:\\\/\\\/www.farklabs.com\\\/tr\\\/odak-alanlari\\\/#breadcrumb\",\"itemListElement\":[{\"@type\":\"ListItem\",\"position\":1,\"name\":\"Home\",\"item\":\"https:\\\/\\\/www.farklabs.com\\\/tr\\\/\"},{\"@type\":\"ListItem\",\"position\":2,\"name\":\"Odak Alanlar\u0131\"}]},{\"@type\":\"WebSite\",\"@id\":\"https:\\\/\\\/www.farklabs.com\\\/#website\",\"url\":\"https:\\\/\\\/www.farklabs.com\\\/\",\"name\":\"Fark Labs\",\"description\":\"Better. Future. Together.\",\"publisher\":{\"@id\":\"https:\\\/\\\/www.farklabs.com\\\/#organization\"},\"potentialAction\":[{\"@type\":\"SearchAction\",\"target\":{\"@type\":\"EntryPoint\",\"urlTemplate\":\"https:\\\/\\\/www.farklabs.com\\\/?s={search_term_string}\"},\"query-input\":{\"@type\":\"PropertyValueSpecification\",\"valueRequired\":true,\"valueName\":\"search_term_string\"}}],\"inLanguage\":\"tr\"},{\"@type\":\"Organization\",\"@id\":\"https:\\\/\\\/www.farklabs.com\\\/#organization\",\"name\":\"Fark Labs\",\"url\":\"https:\\\/\\\/www.farklabs.com\\\/\",\"logo\":{\"@type\":\"ImageObject\",\"inLanguage\":\"tr\",\"@id\":\"https:\\\/\\\/www.farklabs.com\\\/#\\\/schema\\\/logo\\\/image\\\/\",\"url\":\"https:\\\/\\\/www.farklabs.com\\\/wp-content\\\/uploads\\\/2022\\\/04\\\/1-Fark-Labs-logo1.png\",\"contentUrl\":\"https:\\\/\\\/www.farklabs.com\\\/wp-content\\\/uploads\\\/2022\\\/04\\\/1-Fark-Labs-logo1.png\",\"width\":337,\"height\":150,\"caption\":\"Fark Labs\"},\"image\":{\"@id\":\"https:\\\/\\\/www.farklabs.com\\\/#\\\/schema\\\/logo\\\/image\\\/\"},\"sameAs\":[\"https:\\\/\\\/www.facebook.com\\\/farklabs\\\/\",\"https:\\\/\\\/x.com\\\/farklabs\",\"https:\\\/\\\/www.instagram.com\\\/farklabs\\\/\",\"https:\\\/\\\/www.linkedin.com\\\/company\\\/farklabs\\\/\",\"https:\\\/\\\/www.youtube.com\\\/c\\\/farklabs\"]}]}<\/script>\n<!-- \/ Yoast SEO Premium plugin. -->","yoast_head_json":{"title":"Odak Alanlar\u0131 - Fark Labs","robots":{"index":"index","follow":"follow","max-snippet":"max-snippet:-1","max-image-preview":"max-image-preview:large","max-video-preview":"max-video-preview:-1"},"canonical":"https:\/\/www.farklabs.com\/tr\/odak-alanlari\/","og_locale":"tr_TR","og_type":"article","og_title":"Odak Alanlar\u0131","og_url":"https:\/\/www.farklabs.com\/tr\/odak-alanlari\/","og_site_name":"Fark Labs","article_publisher":"https:\/\/www.facebook.com\/farklabs\/","article_modified_time":"2022-03-26T11:32:04+00:00","og_image":[{"width":1440,"height":480,"url":"https:\/\/www.farklabs.com\/wp-content\/uploads\/2021\/12\/jobopenings-cover.jpg","type":"image\/jpeg"}],"twitter_card":"summary_large_image","twitter_site":"@farklabs","schema":{"@context":"https:\/\/schema.org","@graph":[{"@type":"WebPage","@id":"https:\/\/www.farklabs.com\/tr\/odak-alanlari\/","url":"https:\/\/www.farklabs.com\/tr\/odak-alanlari\/","name":"Odak Alanlar\u0131 - Fark Labs","isPartOf":{"@id":"https:\/\/www.farklabs.com\/#website"},"primaryImageOfPage":{"@id":"https:\/\/www.farklabs.com\/tr\/odak-alanlari\/#primaryimage"},"image":{"@id":"https:\/\/www.farklabs.com\/tr\/odak-alanlari\/#primaryimage"},"thumbnailUrl":"https:\/\/www.farklabs.com\/wp-content\/uploads\/2021\/12\/jobopenings-cover.jpg","datePublished":"2021-10-04T16:26:09+00:00","dateModified":"2022-03-26T11:32:04+00:00","breadcrumb":{"@id":"https:\/\/www.farklabs.com\/tr\/odak-alanlari\/#breadcrumb"},"inLanguage":"tr","potentialAction":[{"@type":"ReadAction","target":["https:\/\/www.farklabs.com\/tr\/odak-alanlari\/"]}]},{"@type":"ImageObject","inLanguage":"tr","@id":"https:\/\/www.farklabs.com\/tr\/odak-alanlari\/#primaryimage","url":"https:\/\/www.farklabs.com\/wp-content\/uploads\/2021\/12\/jobopenings-cover.jpg","contentUrl":"https:\/\/www.farklabs.com\/wp-content\/uploads\/2021\/12\/jobopenings-cover.jpg","width":1440,"height":480},{"@type":"BreadcrumbList","@id":"https:\/\/www.farklabs.com\/tr\/odak-alanlari\/#breadcrumb","itemListElement":[{"@type":"ListItem","position":1,"name":"Home","item":"https:\/\/www.farklabs.com\/tr\/"},{"@type":"ListItem","position":2,"name":"Odak Alanlar\u0131"}]},{"@type":"WebSite","@id":"https:\/\/www.farklabs.com\/#website","url":"https:\/\/www.farklabs.com\/","name":"Fark Labs","description":"Better. Future. Together.","publisher":{"@id":"https:\/\/www.farklabs.com\/#organization"},"potentialAction":[{"@type":"SearchAction","target":{"@type":"EntryPoint","urlTemplate":"https:\/\/www.farklabs.com\/?s={search_term_string}"},"query-input":{"@type":"PropertyValueSpecification","valueRequired":true,"valueName":"search_term_string"}}],"inLanguage":"tr"},{"@type":"Organization","@id":"https:\/\/www.farklabs.com\/#organization","name":"Fark Labs","url":"https:\/\/www.farklabs.com\/","logo":{"@type":"ImageObject","inLanguage":"tr","@id":"https:\/\/www.farklabs.com\/#\/schema\/logo\/image\/","url":"https:\/\/www.farklabs.com\/wp-content\/uploads\/2022\/04\/1-Fark-Labs-logo1.png","contentUrl":"https:\/\/www.farklabs.com\/wp-content\/uploads\/2022\/04\/1-Fark-Labs-logo1.png","width":337,"height":150,"caption":"Fark Labs"},"image":{"@id":"https:\/\/www.farklabs.com\/#\/schema\/logo\/image\/"},"sameAs":["https:\/\/www.facebook.com\/farklabs\/","https:\/\/x.com\/farklabs","https:\/\/www.instagram.com\/farklabs\/","https:\/\/www.linkedin.com\/company\/farklabs\/","https:\/\/www.youtube.com\/c\/farklabs"]}]}},"_links":{"self":[{"href":"https:\/\/www.farklabs.com\/tr\/wp-json\/wp\/v2\/pages\/7547","targetHints":{"allow":["GET"]}}],"collection":[{"href":"https:\/\/www.farklabs.com\/tr\/wp-json\/wp\/v2\/pages"}],"about":[{"href":"https:\/\/www.farklabs.com\/tr\/wp-json\/wp\/v2\/types\/page"}],"author":[{"embeddable":true,"href":"https:\/\/www.farklabs.com\/tr\/wp-json\/wp\/v2\/users\/1"}],"replies":[{"embeddable":true,"href":"https:\/\/www.farklabs.com\/tr\/wp-json\/wp\/v2\/comments?post=7547"}],"version-history":[{"count":2,"href":"https:\/\/www.farklabs.com\/tr\/wp-json\/wp\/v2\/pages\/7547\/revisions"}],"predecessor-version":[{"id":7551,"href":"https:\/\/www.farklabs.com\/tr\/wp-json\/wp\/v2\/pages\/7547\/revisions\/7551"}],"wp:featuredmedia":[{"embeddable":true,"href":"https:\/\/www.farklabs.com\/tr\/wp-json\/wp\/v2\/media\/7548"}],"wp:attachment":[{"href":"https:\/\/www.farklabs.com\/tr\/wp-json\/wp\/v2\/media?parent=7547"}],"curies":[{"name":"wp","href":"https:\/\/api.w.org\/{rel}","templated":true}]}}