{"id":7770,"date":"2021-10-04T19:29:54","date_gmt":"2021-10-04T16:29:54","guid":{"rendered":"https:\/\/www.farklabs.com\/join-us\/"},"modified":"2022-03-27T00:39:38","modified_gmt":"2022-03-26T21:39:38","slug":"aramiza-katilin","status":"publish","type":"page","link":"https:\/\/www.farklabs.com\/tr\/aramiza-katilin\/","title":{"rendered":"ARAMIZA KATILIN"},"content":{"rendered":"\n<div class=\"wp-block-group joinus-boxes-cont\"><div class=\"wp-block-group__inner-container is-layout-flow wp-block-group-is-layout-flow\"><!-- SIPA Content Start :textbox --><div class=\"text-boxes\"><article data-palette=\"turquoise\">\n\t\t\t\t<div class=\"text\">\n\t\t\t\t\t<h2>B\u00dcY\u00dcMES\u0130N\u0130 \u0130STED\u0130\u011e\u0130N\u0130Z B\u0130R G\u0130R\u0130\u015e\u0130M\u0130N\u0130Z M\u0130 VAR?<\/h2><!-- wp:paragraph -->\n<p>18 ayda nas\u0131l rekabet avantaj\u0131 elde edebilece\u011finizi, b\u00fcy\u00fcmeyi nas\u0131l h\u0131zland\u0131rabilece\u011finizi ve yat\u0131r\u0131m almaya haz\u0131r hale gelebilece\u011finizi \u00f6\u011frenmek i\u00e7in bize ula\u015f\u0131n.<\/p>\n<!-- \/wp:paragraph -->\n\t\t\t\t<\/div>\n                <div class=\"actions\">\n                    <a href=\"https:\/\/wkf.ms\/4j1zvH7\" target=\"_blank\" rel=\"noopener nofollow\">Bize Ula\u015f\u0131n <i class=\"fark icon-left-arrow-oval reverse\"><\/i><\/a>\n                <\/div>\n\t\t\t\t\t<a href=\"https:\/\/wkf.ms\/4j1zvH7\" class=\"stick\" target=\"_blank\" rel=\"noopener nofollow\">Bize Ula\u015f\u0131n<\/a>\n            \t<\/article><article data-palette=\"purple\">\n\t\t\t\t<div class=\"text\">\n\t\t\t\t\t<h2>\ufffc\u015e\u0130RKET\u0130N\u0130Z\u0130 D\u00d6N\u00dc\u015eT\u00dcRMEK M\u0130 \u0130ST\u0130YORSUNUZ?\ufffc<\/h2><!-- wp:paragraph -->\n<p>Kurumunuzun gelece\u011fi i\u00e7in \u00f6nemli olan fikirleri \u015fimdiden geli\u015ftirmeye ba\u015flay\u0131n. \u0130\u015finizin ilerlemesine nas\u0131l yard\u0131mc\u0131 olabilece\u011fimizi konu\u015fal\u0131m.<\/p>\n<!-- \/wp:paragraph -->\n\t\t\t\t<\/div>\n                <div class=\"actions\">\n                    <a href=\"https:\/\/wkf.ms\/42qzsyT\" target=\"_blank\" rel=\"noopener nofollow\">Bize Ula\u015f\u0131n <i class=\"fark icon-left-arrow-oval reverse\"><\/i><\/a>\n                <\/div>\n\t\t\t\t\t<a href=\"https:\/\/wkf.ms\/42qzsyT\" class=\"stick\" target=\"_blank\" rel=\"noopener nofollow\">Bize Ula\u015f\u0131n<\/a>\n            \t<\/article><article data-palette=\"fuchsia\">\n\t\t\t\t<div class=\"text\">\n\t\t\t\t\t<h2>MELEK YATIRIMCI OLARAK HAR\u0130KA G\u0130R\u0130\u015e\u0130MLERLE BULU\u015eMAK MI \u0130ST\u0130YORSUNUZ?<\/h2><!-- wp:paragraph -->\n<p>Sizi halihaz\u0131rda yat\u0131r\u0131m yapt\u0131\u011f\u0131m\u0131z, titizlikle inceledi\u011fimiz, gelecek vadeden giri\u015fimlerle bulu\u015fturabiliriz.<\/p>\n<!-- \/wp:paragraph -->\n\t\t\t\t<\/div>\n                <div class=\"actions\">\n                    <a href=\"https:\/\/wkf.ms\/42qzsyT\" target=\"_blank\" rel=\"noopener nofollow\">Bize Ula\u015f\u0131n <i class=\"fark icon-left-arrow-oval reverse\"><\/i><\/a>\n                <\/div>\n\t\t\t\t\t<a href=\"https:\/\/wkf.ms\/42qzsyT\" class=\"stick\" target=\"_blank\" rel=\"noopener nofollow\">Bize Ula\u015f\u0131n<\/a>\n            \t<\/article><article data-palette=\"orangebold\">\n\t\t\t\t<div class=\"text\">\n\t\t\t\t\t<h2>EZBERBOZAN B\u0130R \u0130\u015e F\u0130KR\u0130N\u0130Z VE G\u0130R\u0130\u015e\u0130MC\u0130 B\u0130R RUHUNUZ MU VAR?<\/h2><!-- wp:paragraph -->\n<p>Ama nereden ba\u015flayaca\u011f\u0131n\u0131z\u0131 bilmiyor musunuz? Dizginleri elinize al\u0131n, kendi f\u0131rsat\u0131n\u0131z\u0131 yarat\u0131n. Hadi tan\u0131\u015fal\u0131m.<\/p>\n<!-- \/wp:paragraph -->\n\t\t\t\t<\/div>\n                <div class=\"actions\">\n                    <a href=\"https:\/\/wkf.ms\/4j1zvH7\" target=\"_blank\" rel=\"noopener nofollow\">Bize Ula\u015f\u0131n <i class=\"fark icon-left-arrow-oval reverse\"><\/i><\/a>\n                <\/div>\n\t\t\t\t\t<a href=\"https:\/\/wkf.ms\/4j1zvH7\" class=\"stick\" target=\"_blank\" rel=\"noopener nofollow\">Bize Ula\u015f\u0131n<\/a>\n            \t<\/article><article data-palette=\"orange\">\n\t\t\t\t<div class=\"text\">\n\t\t\t\t\t<h2>FARK LABS MENTORLARINDAN B\u0130R\u0130 OLMAK \u0130STER M\u0130S\u0130N\u0130Z?\ufffc<\/h2><!-- wp:paragraph -->\n<p>Kurucular\u0131m\u0131z\u0131 destekleyecek ve bilgi al\u0131\u015fveri\u015fini kolayla\u015ft\u0131racak deneyimli profesyonellere her zaman ihtiyac\u0131m\u0131z var.<\/p>\n<!-- \/wp:paragraph -->\n\t\t\t\t<\/div>\n                <div class=\"actions\">\n                    <a href=\"https:\/\/wkf.ms\/42qzsyT\" target=\"_blank\" rel=\"noopener nofollow\">Bize Ula\u015f\u0131n <i class=\"fark icon-left-arrow-oval reverse\"><\/i><\/a>\n                <\/div>\n\t\t\t\t\t<a href=\"https:\/\/wkf.ms\/42qzsyT\" class=\"stick\" target=\"_blank\" rel=\"noopener nofollow\">Bize Ula\u015f\u0131n<\/a>\n            \t<\/article><article data-palette=\"green\">\n\t\t\t\t<div class=\"text\">\n\t\t\t\t\t<h2>EK\u0130B\u0130M\u0130ZE KATILMAK \u0130STER M\u0130S\u0130N\u0130Z?\ufffc<\/h2><!-- wp:paragraph -->\n<p>Burada parlak ve yenilik\u00e7i zihinlere her zaman kap\u0131m\u0131z a\u00e7\u0131k.<\/p>\n<!-- \/wp:paragraph -->\n\t\t\t\t<\/div>\n                <div class=\"actions\">\n                    <a href=\"https:\/\/www.farklabs.com\/join-us\/job-openings\/\">A\u00e7\u0131k Pozisyonlar\u0131 \u0130nceleyin <i class=\"fark icon-left-arrow-oval reverse\"><\/i><\/a>\n                <\/div>\n\t\t\t\t\t<a href=\"https:\/\/www.farklabs.com\/join-us\/job-openings\/\" class=\"stick\">A\u00e7\u0131k Pozisyonlar\u0131 \u0130nceleyin<\/a>\n            \t<\/article><article data-palette=\"blue\">\n\t\t\t\t<div class=\"text\">\n\t\t\t\t\t<h2>AR-GE MERKEZ\u0130NDE OF\u0130S ALANI ARAYAN B\u0130R G\u0130R\u0130\u015e\u0130MC\u0130 M\u0130S\u0130N\u0130Z?\ufffc<\/h2><!-- wp:paragraph -->\n<p>Fark Labs TEKMER Teknoloji Geli\u015ftirme Merkezi'nde ofis kiralayabilir, yenilik\u00e7i insanlarla tan\u0131\u015fabilir, devlet onayl\u0131 Ar-Ge merkezinin avantajlar\u0131ndan yararlanabilirsiniz.<\/p>\n<!-- \/wp:paragraph -->\n\t\t\t\t<\/div>\n                <div class=\"actions\">\n                    <a href=\"https:\/\/wkf.ms\/40PZdrh\" target=\"_blank\" rel=\"noopener nofollow\">Bize Ula\u015f\u0131n <i class=\"fark icon-left-arrow-oval reverse\"><\/i><\/a>\n                <\/div>\n\t\t\t\t\t<a href=\"https:\/\/wkf.ms\/40PZdrh\" class=\"stick\" target=\"_blank\" rel=\"noopener nofollow\">Bize Ula\u015f\u0131n<\/a>\n            \t<\/article><\/div><!-- SIPA Content end -->\n<\/div><\/div>\n","protected":false},"excerpt":{"rendered":"","protected":false},"author":1,"featured_media":7771,"parent":0,"menu_order":0,"comment_status":"closed","ping_status":"closed","template":"page-farplas.php","meta":{"_acf_changed":false,"om_disable_all_campaigns":false,"footnotes":""},"class_list":["post-7770","page","type-page","status-publish","has-post-thumbnail","hentry","entry"],"acf":[],"yoast_head":"<!-- This site is optimized with the Yoast SEO Premium plugin v27.3 (Yoast SEO v27.3) - https:\/\/yoast.com\/product\/yoast-seo-premium-wordpress\/ -->\n<title>ARAMIZA KATILIN - Fark Labs<\/title>\n<meta name=\"robots\" content=\"index, follow, max-snippet:-1, max-image-preview:large, max-video-preview:-1\" \/>\n<link rel=\"canonical\" href=\"https:\/\/www.farklabs.com\/tr\/aramiza-katilin\/\" \/>\n<meta property=\"og:locale\" content=\"tr_TR\" \/>\n<meta property=\"og:type\" content=\"article\" \/>\n<meta property=\"og:title\" content=\"ARAMIZA KATILIN\" \/>\n<meta property=\"og:url\" content=\"https:\/\/www.farklabs.com\/tr\/aramiza-katilin\/\" \/>\n<meta property=\"og:site_name\" content=\"Fark Labs\" \/>\n<meta property=\"article:publisher\" content=\"https:\/\/www.facebook.com\/farklabs\/\" \/>\n<meta property=\"article:modified_time\" content=\"2022-03-26T21:39:38+00:00\" \/>\n<meta property=\"og:image\" content=\"https:\/\/www.farklabs.com\/wp-content\/uploads\/2021\/12\/join-us-cover.jpg\" \/>\n\t<meta property=\"og:image:width\" content=\"1440\" \/>\n\t<meta property=\"og:image:height\" content=\"480\" \/>\n\t<meta property=\"og:image:type\" content=\"image\/jpeg\" \/>\n<meta name=\"twitter:card\" content=\"summary_large_image\" \/>\n<meta name=\"twitter:site\" content=\"@farklabs\" \/>\n<script type=\"application\/ld+json\" class=\"yoast-schema-graph\">{\"@context\":\"https:\\\/\\\/schema.org\",\"@graph\":[{\"@type\":\"WebPage\",\"@id\":\"https:\\\/\\\/www.farklabs.com\\\/tr\\\/aramiza-katilin\\\/\",\"url\":\"https:\\\/\\\/www.farklabs.com\\\/tr\\\/aramiza-katilin\\\/\",\"name\":\"ARAMIZA KATILIN - Fark Labs\",\"isPartOf\":{\"@id\":\"https:\\\/\\\/www.farklabs.com\\\/#website\"},\"primaryImageOfPage\":{\"@id\":\"https:\\\/\\\/www.farklabs.com\\\/tr\\\/aramiza-katilin\\\/#primaryimage\"},\"image\":{\"@id\":\"https:\\\/\\\/www.farklabs.com\\\/tr\\\/aramiza-katilin\\\/#primaryimage\"},\"thumbnailUrl\":\"https:\\\/\\\/www.farklabs.com\\\/wp-content\\\/uploads\\\/2021\\\/12\\\/join-us-cover.jpg\",\"datePublished\":\"2021-10-04T16:29:54+00:00\",\"dateModified\":\"2022-03-26T21:39:38+00:00\",\"breadcrumb\":{\"@id\":\"https:\\\/\\\/www.farklabs.com\\\/tr\\\/aramiza-katilin\\\/#breadcrumb\"},\"inLanguage\":\"tr\",\"potentialAction\":[{\"@type\":\"ReadAction\",\"target\":[\"https:\\\/\\\/www.farklabs.com\\\/tr\\\/aramiza-katilin\\\/\"]}]},{\"@type\":\"ImageObject\",\"inLanguage\":\"tr\",\"@id\":\"https:\\\/\\\/www.farklabs.com\\\/tr\\\/aramiza-katilin\\\/#primaryimage\",\"url\":\"https:\\\/\\\/www.farklabs.com\\\/wp-content\\\/uploads\\\/2021\\\/12\\\/join-us-cover.jpg\",\"contentUrl\":\"https:\\\/\\\/www.farklabs.com\\\/wp-content\\\/uploads\\\/2021\\\/12\\\/join-us-cover.jpg\",\"width\":1440,\"height\":480},{\"@type\":\"BreadcrumbList\",\"@id\":\"https:\\\/\\\/www.farklabs.com\\\/tr\\\/aramiza-katilin\\\/#breadcrumb\",\"itemListElement\":[{\"@type\":\"ListItem\",\"position\":1,\"name\":\"Home\",\"item\":\"https:\\\/\\\/www.farklabs.com\\\/tr\\\/\"},{\"@type\":\"ListItem\",\"position\":2,\"name\":\"ARAMIZA KATILIN\"}]},{\"@type\":\"WebSite\",\"@id\":\"https:\\\/\\\/www.farklabs.com\\\/#website\",\"url\":\"https:\\\/\\\/www.farklabs.com\\\/\",\"name\":\"Fark Labs\",\"description\":\"Better. Future. Together.\",\"publisher\":{\"@id\":\"https:\\\/\\\/www.farklabs.com\\\/#organization\"},\"potentialAction\":[{\"@type\":\"SearchAction\",\"target\":{\"@type\":\"EntryPoint\",\"urlTemplate\":\"https:\\\/\\\/www.farklabs.com\\\/?s={search_term_string}\"},\"query-input\":{\"@type\":\"PropertyValueSpecification\",\"valueRequired\":true,\"valueName\":\"search_term_string\"}}],\"inLanguage\":\"tr\"},{\"@type\":\"Organization\",\"@id\":\"https:\\\/\\\/www.farklabs.com\\\/#organization\",\"name\":\"Fark Labs\",\"url\":\"https:\\\/\\\/www.farklabs.com\\\/\",\"logo\":{\"@type\":\"ImageObject\",\"inLanguage\":\"tr\",\"@id\":\"https:\\\/\\\/www.farklabs.com\\\/#\\\/schema\\\/logo\\\/image\\\/\",\"url\":\"https:\\\/\\\/www.farklabs.com\\\/wp-content\\\/uploads\\\/2022\\\/04\\\/1-Fark-Labs-logo1.png\",\"contentUrl\":\"https:\\\/\\\/www.farklabs.com\\\/wp-content\\\/uploads\\\/2022\\\/04\\\/1-Fark-Labs-logo1.png\",\"width\":337,\"height\":150,\"caption\":\"Fark Labs\"},\"image\":{\"@id\":\"https:\\\/\\\/www.farklabs.com\\\/#\\\/schema\\\/logo\\\/image\\\/\"},\"sameAs\":[\"https:\\\/\\\/www.facebook.com\\\/farklabs\\\/\",\"https:\\\/\\\/x.com\\\/farklabs\",\"https:\\\/\\\/www.instagram.com\\\/farklabs\\\/\",\"https:\\\/\\\/www.linkedin.com\\\/company\\\/farklabs\\\/\",\"https:\\\/\\\/www.youtube.com\\\/c\\\/farklabs\"]}]}<\/script>\n<!-- \/ Yoast SEO Premium plugin. -->","yoast_head_json":{"title":"ARAMIZA KATILIN - Fark Labs","robots":{"index":"index","follow":"follow","max-snippet":"max-snippet:-1","max-image-preview":"max-image-preview:large","max-video-preview":"max-video-preview:-1"},"canonical":"https:\/\/www.farklabs.com\/tr\/aramiza-katilin\/","og_locale":"tr_TR","og_type":"article","og_title":"ARAMIZA KATILIN","og_url":"https:\/\/www.farklabs.com\/tr\/aramiza-katilin\/","og_site_name":"Fark Labs","article_publisher":"https:\/\/www.facebook.com\/farklabs\/","article_modified_time":"2022-03-26T21:39:38+00:00","og_image":[{"width":1440,"height":480,"url":"https:\/\/www.farklabs.com\/wp-content\/uploads\/2021\/12\/join-us-cover.jpg","type":"image\/jpeg"}],"twitter_card":"summary_large_image","twitter_site":"@farklabs","schema":{"@context":"https:\/\/schema.org","@graph":[{"@type":"WebPage","@id":"https:\/\/www.farklabs.com\/tr\/aramiza-katilin\/","url":"https:\/\/www.farklabs.com\/tr\/aramiza-katilin\/","name":"ARAMIZA KATILIN - Fark Labs","isPartOf":{"@id":"https:\/\/www.farklabs.com\/#website"},"primaryImageOfPage":{"@id":"https:\/\/www.farklabs.com\/tr\/aramiza-katilin\/#primaryimage"},"image":{"@id":"https:\/\/www.farklabs.com\/tr\/aramiza-katilin\/#primaryimage"},"thumbnailUrl":"https:\/\/www.farklabs.com\/wp-content\/uploads\/2021\/12\/join-us-cover.jpg","datePublished":"2021-10-04T16:29:54+00:00","dateModified":"2022-03-26T21:39:38+00:00","breadcrumb":{"@id":"https:\/\/www.farklabs.com\/tr\/aramiza-katilin\/#breadcrumb"},"inLanguage":"tr","potentialAction":[{"@type":"ReadAction","target":["https:\/\/www.farklabs.com\/tr\/aramiza-katilin\/"]}]},{"@type":"ImageObject","inLanguage":"tr","@id":"https:\/\/www.farklabs.com\/tr\/aramiza-katilin\/#primaryimage","url":"https:\/\/www.farklabs.com\/wp-content\/uploads\/2021\/12\/join-us-cover.jpg","contentUrl":"https:\/\/www.farklabs.com\/wp-content\/uploads\/2021\/12\/join-us-cover.jpg","width":1440,"height":480},{"@type":"BreadcrumbList","@id":"https:\/\/www.farklabs.com\/tr\/aramiza-katilin\/#breadcrumb","itemListElement":[{"@type":"ListItem","position":1,"name":"Home","item":"https:\/\/www.farklabs.com\/tr\/"},{"@type":"ListItem","position":2,"name":"ARAMIZA KATILIN"}]},{"@type":"WebSite","@id":"https:\/\/www.farklabs.com\/#website","url":"https:\/\/www.farklabs.com\/","name":"Fark Labs","description":"Better. Future. Together.","publisher":{"@id":"https:\/\/www.farklabs.com\/#organization"},"potentialAction":[{"@type":"SearchAction","target":{"@type":"EntryPoint","urlTemplate":"https:\/\/www.farklabs.com\/?s={search_term_string}"},"query-input":{"@type":"PropertyValueSpecification","valueRequired":true,"valueName":"search_term_string"}}],"inLanguage":"tr"},{"@type":"Organization","@id":"https:\/\/www.farklabs.com\/#organization","name":"Fark Labs","url":"https:\/\/www.farklabs.com\/","logo":{"@type":"ImageObject","inLanguage":"tr","@id":"https:\/\/www.farklabs.com\/#\/schema\/logo\/image\/","url":"https:\/\/www.farklabs.com\/wp-content\/uploads\/2022\/04\/1-Fark-Labs-logo1.png","contentUrl":"https:\/\/www.farklabs.com\/wp-content\/uploads\/2022\/04\/1-Fark-Labs-logo1.png","width":337,"height":150,"caption":"Fark Labs"},"image":{"@id":"https:\/\/www.farklabs.com\/#\/schema\/logo\/image\/"},"sameAs":["https:\/\/www.facebook.com\/farklabs\/","https:\/\/x.com\/farklabs","https:\/\/www.instagram.com\/farklabs\/","https:\/\/www.linkedin.com\/company\/farklabs\/","https:\/\/www.youtube.com\/c\/farklabs"]}]}},"_links":{"self":[{"href":"https:\/\/www.farklabs.com\/tr\/wp-json\/wp\/v2\/pages\/7770","targetHints":{"allow":["GET"]}}],"collection":[{"href":"https:\/\/www.farklabs.com\/tr\/wp-json\/wp\/v2\/pages"}],"about":[{"href":"https:\/\/www.farklabs.com\/tr\/wp-json\/wp\/v2\/types\/page"}],"author":[{"embeddable":true,"href":"https:\/\/www.farklabs.com\/tr\/wp-json\/wp\/v2\/users\/1"}],"replies":[{"embeddable":true,"href":"https:\/\/www.farklabs.com\/tr\/wp-json\/wp\/v2\/comments?post=7770"}],"version-history":[{"count":2,"href":"https:\/\/www.farklabs.com\/tr\/wp-json\/wp\/v2\/pages\/7770\/revisions"}],"predecessor-version":[{"id":7774,"href":"https:\/\/www.farklabs.com\/tr\/wp-json\/wp\/v2\/pages\/7770\/revisions\/7774"}],"wp:featuredmedia":[{"embeddable":true,"href":"https:\/\/www.farklabs.com\/tr\/wp-json\/wp\/v2\/media\/7771"}],"wp:attachment":[{"href":"https:\/\/www.farklabs.com\/tr\/wp-json\/wp\/v2\/media?parent=7770"}],"curies":[{"name":"wp","href":"https:\/\/api.w.org\/{rel}","templated":true}]}}