{"id":7793,"date":"2021-10-04T19:32:33","date_gmt":"2021-10-04T16:32:33","guid":{"rendered":"https:\/\/www.farklabs.com\/contact-us\/"},"modified":"2022-06-22T12:27:35","modified_gmt":"2022-06-22T09:27:35","slug":"bize-ulasin","status":"publish","type":"page","link":"https:\/\/www.farklabs.com\/tr\/bize-ulasin\/","title":{"rendered":"Bize Ula\u015f\u0131n"},"content":{"rendered":"\n<div id=\"contact-form\" class=\"wp-block-group\"><div class=\"wp-block-group__inner-container is-layout-flow wp-block-group-is-layout-flow\">\n<h2 class=\"wp-block-heading\" id=\"get-in-touch\">\u0130leti\u015fim Formu<\/h2>\n\n\n\n<p>Sizi dinliyoruz. L\u00fctfen formu doldurun.<\/p>\n\n\n\n<div class=\"wp-block-contact-form-7-contact-form-selector\">\n<div class=\"wpcf7 no-js\" id=\"wpcf7-f7741-o1\" lang=\"en-US\" dir=\"ltr\" data-wpcf7-id=\"7741\">\n<div class=\"screen-reader-response\"><p role=\"status\" aria-live=\"polite\" aria-atomic=\"true\"><\/p> <ul><\/ul><\/div>\n<form action=\"\/tr\/wp-json\/wp\/v2\/pages\/7793#wpcf7-f7741-o1\" method=\"post\" class=\"wpcf7-form init\" aria-label=\"Contact form\" novalidate=\"novalidate\" data-status=\"init\">\n<fieldset class=\"hidden-fields-container\"><input type=\"hidden\" name=\"_wpcf7\" value=\"7741\" \/><input type=\"hidden\" name=\"_wpcf7_version\" value=\"6.1.5\" \/><input type=\"hidden\" name=\"_wpcf7_locale\" value=\"en_US\" \/><input type=\"hidden\" name=\"_wpcf7_unit_tag\" value=\"wpcf7-f7741-o1\" \/><input type=\"hidden\" name=\"_wpcf7_container_post\" value=\"0\" \/><input type=\"hidden\" name=\"_wpcf7_posted_data_hash\" value=\"\" \/><input type=\"hidden\" name=\"_wpcf7_recaptcha_response\" value=\"\" \/>\n<\/fieldset>\n<p class=\"fac fac-input\"><br \/>\n<span class=\"cl ca1\"> <label for=\"firstname\">Ad<\/label><span class=\"wpcf7-form-control-wrap\" data-name=\"firstname\"><input size=\"40\" maxlength=\"400\" class=\"wpcf7-form-control wpcf7-text wpcf7-validates-as-required\" id=\"firstname\" aria-required=\"true\" aria-invalid=\"false\" value=\"\" type=\"text\" name=\"firstname\" \/><\/span> <\/span><br \/>\n<span class=\"cl ca1\"> <label for=\"lastname\">Soyad<\/label> <span class=\"wpcf7-form-control-wrap\" data-name=\"lastname\"><input size=\"40\" maxlength=\"400\" class=\"wpcf7-form-control wpcf7-text wpcf7-validates-as-required\" id=\"lastname\" aria-required=\"true\" aria-invalid=\"false\" value=\"\" type=\"text\" name=\"lastname\" \/><\/span><\/span>\n<\/p>\n<div class=\"fac fac-input\">\n\t<div class=\"cl ca1\">\n\t\t<p><span class=\"cl ca1\"><label for=\"email\">E-posta <i class=\"r\">*<\/i><\/label><span class=\"wpcf7-form-control-wrap\" data-name=\"email\"><input size=\"40\" maxlength=\"400\" class=\"wpcf7-form-control wpcf7-email wpcf7-validates-as-required wpcf7-text wpcf7-validates-as-email\" id=\"email\" aria-required=\"true\" aria-invalid=\"false\" value=\"\" type=\"email\" name=\"email\" \/><\/span><\/span>\n\t\t<\/p>\n\t<\/div>\n\t<div class=\"cl ca1\">\n\t\t<p><label for=\"phone\">Telefon <i class=\"r\">*<\/i><\/label><span class=\"wpcf7-form-control-wrap\" data-name=\"phone\"><input size=\"40\" maxlength=\"400\" class=\"wpcf7-form-control wpcf7-tel wpcf7-validates-as-required wpcf7-text wpcf7-validates-as-tel\" id=\"phone\" aria-required=\"true\" aria-invalid=\"false\" value=\"\" type=\"tel\" name=\"phone\" \/><\/span><span id=\"valid-msg\" class=\"hide\">\u2713 Valid<\/span><span id=\"error-msg\" class=\"hide\"><\/span>\n\t\t<\/p>\n\t<\/div>\n<\/div>\n<p class=\"fac fac-input\"><br \/>\n<span class=\"cl ca1\"> <label for=\"linkedin\">LinkedIn URL <i class=\"r\">*<\/i><\/label> <span class=\"wpcf7-form-control-wrap\" data-name=\"linkedin\"><input size=\"40\" maxlength=\"400\" class=\"wpcf7-form-control wpcf7-url wpcf7-validates-as-required wpcf7-text wpcf7-validates-as-url\" id=\"linkedin\" aria-required=\"true\" aria-invalid=\"false\" value=\"\" type=\"url\" name=\"linkedin\" \/><\/span> <\/span><br \/>\n<span class=\"cl ca1\"> <label for=\"jobtitle\">\u0130\u015f Unvan\u0131 <i class=\"r\">*<\/i><\/label> <span class=\"wpcf7-form-control-wrap\" data-name=\"jobtitle\"><input size=\"40\" maxlength=\"400\" class=\"wpcf7-form-control wpcf7-text wpcf7-validates-as-required\" id=\"jobtitle\" aria-required=\"true\" aria-invalid=\"false\" value=\"\" type=\"text\" name=\"jobtitle\" \/><\/span><\/span>\n<\/p>\n<p class=\"fac fac-input\"><br \/>\n<span class=\"cl ca1\"> <label for=\"company\">\u015eirket Ad\u0131 <i class=\"r\">*<\/i><\/label> <span class=\"wpcf7-form-control-wrap\" data-name=\"company\"><input size=\"40\" maxlength=\"400\" class=\"wpcf7-form-control wpcf7-text wpcf7-validates-as-required\" id=\"company\" aria-required=\"true\" aria-invalid=\"false\" value=\"\" type=\"text\" name=\"company\" \/><\/span> <\/span><br \/>\n<span class=\"cl ca1\"> <label for=\"companysite\">\u015eirket Web Sitesi <i class=\"r\">*<\/i><\/label> <span class=\"wpcf7-form-control-wrap\" data-name=\"companysite\"><input size=\"40\" maxlength=\"400\" class=\"wpcf7-form-control wpcf7-text wpcf7-validates-as-required\" id=\"companysite\" aria-required=\"true\" aria-invalid=\"false\" value=\"\" type=\"text\" name=\"companysite\" \/><\/span><\/span>\n<\/p>\n<div class=\"fac fac-input\">\n\t<div class=\"cl ca1\">\n\t\t<p><label for=\"how-did-hear\">Bizi nereden duydunuz?<\/label><span class=\"wpcf7-form-control-wrap\" data-name=\"how-did-hear\"><select class=\"wpcf7-form-control wpcf7-select wpcf7-validates-as-required\" id=\"how-did-hear\" aria-required=\"true\" aria-invalid=\"false\" name=\"how-did-hear\"><option value=\"\">&#8212;Please choose an option&#8212;<\/option><option value=\"LinkedIn\">LinkedIn<\/option><option value=\"Instagram\">Instagram<\/option><option value=\"Arkada\u015f \/ \u0130\u015f arkada\u015f\u0131 tavsiyesi\">Arkada\u015f \/ \u0130\u015f arkada\u015f\u0131 tavsiyesi<\/option><option value=\"Google \/ Arama Motoru\">Google \/ Arama Motoru<\/option><option value=\"\u0130nternet Haberleri\">\u0130nternet Haberleri<\/option><option value=\"Televizyon\">Televizyon<\/option><option value=\"Online Etkinlik \/ Podcast\">Online Etkinlik \/ Podcast<\/option><option value=\"Networking Etkinli\u011fi\">Networking Etkinli\u011fi<\/option><option value=\"Bas\u0131l\u0131 Gazete\">Bas\u0131l\u0131 Gazete<\/option><option value=\"Reklam\">Reklam<\/option><option value=\"Di\u011fer\">Di\u011fer<\/option><\/select><\/span>\n\t\t<\/p>\n\t<\/div>\n\t<div class=\"cl ca1\">\n\t\t<div id=\"how-did-hear-other-box\" style=\"display:none\">\n\t\t\t<p><label for=\"companysite\">L\u00fctfen belirtin<\/label><span class=\"wpcf7-form-control-wrap\" data-name=\"how-did-hear-other\"><input size=\"40\" maxlength=\"400\" class=\"wpcf7-form-control wpcf7-text\" id=\"how-did-hear-other\" aria-invalid=\"false\" value=\"\" type=\"text\" name=\"how-did-hear-other\" \/><\/span>\n\t\t\t<\/p>\n\t\t<\/div>\n\t<\/div>\n<\/div>\n<p><span class=\"wpcf7-form-control-wrap\" data-name=\"accept-marketing-message\"><span class=\"wpcf7-form-control wpcf7-checkbox\"><span class=\"wpcf7-list-item first last\"><input type=\"checkbox\" name=\"accept-marketing-message[]\" value=\"Evet, Fark Labs&#039;tan son giri\u015fimleri, yat\u0131r\u0131mlar\u0131 ve etkinlikleri hakk\u0131nda e-posta g\u00fcncellemeleri almak istiyorum.\" \/><span class=\"wpcf7-list-item-label\">Evet, Fark Labs&#039;tan son giri\u015fimleri, yat\u0131r\u0131mlar\u0131 ve etkinlikleri hakk\u0131nda e-posta g\u00fcncellemeleri almak istiyorum.<\/span><\/span><\/span><\/span>\n<\/p>\n<p class=\"closer\"><span class=\"wpcf7-form-control-wrap\" data-name=\"privacy-check\"><span class=\"wpcf7-form-control wpcf7-acceptance\"><span class=\"wpcf7-list-item\"><label><input type=\"checkbox\" name=\"privacy-check\" value=\"1\" class=\"privacy-check\" id=\"privacy-check\" aria-invalid=\"false\" \/><span class=\"wpcf7-list-item-label\">Okudum, anlad\u0131m, kabul ediyorum. <a href=\"\/tr\/gizlilik-ilkeleri-ve-kisisel-verilerin-islenmesi\/\" target=\"_blank\">gizlilik politikas\u0131 ve ki\u015fisel veri koruma bildirimi.<\/a><\/span><\/label><\/span><\/span><\/span>\n<\/p>\n<p><button type=\"button\">G\u00d6NDER<\/button><input class=\"wpcf7-form-control wpcf7-submit has-spinner\" type=\"submit\" value=\"G\u00d6NDER\" \/>\n<\/p>\n<p><script>\n $('select[name=\"how-did-hear\"]').on('change',function(){\n var currentValue = $(this).find('option:selected').val();\n if (currentValue.indexOf('Di\u011fer') > -1) {\n $('#how-did-hear-other-box').show();\n } else {\n $('#how-did-hear-other-box').hide();\n }\n });\n<\/script>\n<\/p><div class=\"wpcf7-response-output\" aria-hidden=\"true\"><\/div>\n<\/form>\n<\/div>\n<\/div>\n<\/div><\/div>\n","protected":false},"excerpt":{"rendered":"<p>\u0130leti\u015fim Formu Sizi dinliyoruz. L\u00fctfen formu doldurun.<\/p>\n","protected":false},"author":1,"featured_media":7548,"parent":0,"menu_order":0,"comment_status":"closed","ping_status":"closed","template":"page-farplas.php","meta":{"_acf_changed":false,"om_disable_all_campaigns":false,"footnotes":""},"class_list":["post-7793","page","type-page","status-publish","has-post-thumbnail","hentry","entry"],"acf":[],"yoast_head":"<!-- This site is optimized with the Yoast SEO Premium plugin v27.3 (Yoast SEO v27.3) - https:\/\/yoast.com\/product\/yoast-seo-premium-wordpress\/ -->\n<title>Bize Ula\u015f\u0131n - Fark Labs<\/title>\n<meta name=\"robots\" content=\"index, follow, max-snippet:-1, max-image-preview:large, max-video-preview:-1\" \/>\n<link rel=\"canonical\" href=\"https:\/\/www.farklabs.com\/tr\/bize-ulasin\/\" \/>\n<meta property=\"og:locale\" content=\"tr_TR\" \/>\n<meta property=\"og:type\" content=\"article\" \/>\n<meta property=\"og:title\" content=\"Bize Ula\u015f\u0131n\" \/>\n<meta property=\"og:description\" content=\"\u0130leti\u015fim Formu Sizi dinliyoruz. L\u00fctfen formu doldurun.\" \/>\n<meta property=\"og:url\" content=\"https:\/\/www.farklabs.com\/tr\/bize-ulasin\/\" \/>\n<meta property=\"og:site_name\" content=\"Fark Labs\" \/>\n<meta property=\"article:publisher\" content=\"https:\/\/www.facebook.com\/farklabs\/\" \/>\n<meta property=\"article:modified_time\" content=\"2022-06-22T09:27:35+00:00\" \/>\n<meta property=\"og:image\" content=\"https:\/\/www.farklabs.com\/wp-content\/uploads\/2021\/12\/jobopenings-cover.jpg\" \/>\n\t<meta property=\"og:image:width\" content=\"1440\" \/>\n\t<meta property=\"og:image:height\" content=\"480\" \/>\n\t<meta property=\"og:image:type\" content=\"image\/jpeg\" \/>\n<meta name=\"twitter:card\" content=\"summary_large_image\" \/>\n<meta name=\"twitter:site\" content=\"@farklabs\" \/>\n<meta name=\"twitter:label1\" content=\"Tahmini okuma s\u00fcresi\" \/>\n\t<meta name=\"twitter:data1\" content=\"1 dakika\" \/>\n<script type=\"application\/ld+json\" class=\"yoast-schema-graph\">{\"@context\":\"https:\\\/\\\/schema.org\",\"@graph\":[{\"@type\":\"WebPage\",\"@id\":\"https:\\\/\\\/www.farklabs.com\\\/tr\\\/bize-ulasin\\\/\",\"url\":\"https:\\\/\\\/www.farklabs.com\\\/tr\\\/bize-ulasin\\\/\",\"name\":\"Bize Ula\u015f\u0131n - Fark Labs\",\"isPartOf\":{\"@id\":\"https:\\\/\\\/www.farklabs.com\\\/#website\"},\"primaryImageOfPage\":{\"@id\":\"https:\\\/\\\/www.farklabs.com\\\/tr\\\/bize-ulasin\\\/#primaryimage\"},\"image\":{\"@id\":\"https:\\\/\\\/www.farklabs.com\\\/tr\\\/bize-ulasin\\\/#primaryimage\"},\"thumbnailUrl\":\"https:\\\/\\\/www.farklabs.com\\\/wp-content\\\/uploads\\\/2021\\\/12\\\/jobopenings-cover.jpg\",\"datePublished\":\"2021-10-04T16:32:33+00:00\",\"dateModified\":\"2022-06-22T09:27:35+00:00\",\"breadcrumb\":{\"@id\":\"https:\\\/\\\/www.farklabs.com\\\/tr\\\/bize-ulasin\\\/#breadcrumb\"},\"inLanguage\":\"tr\",\"potentialAction\":[{\"@type\":\"ReadAction\",\"target\":[\"https:\\\/\\\/www.farklabs.com\\\/tr\\\/bize-ulasin\\\/\"]}]},{\"@type\":\"ImageObject\",\"inLanguage\":\"tr\",\"@id\":\"https:\\\/\\\/www.farklabs.com\\\/tr\\\/bize-ulasin\\\/#primaryimage\",\"url\":\"https:\\\/\\\/www.farklabs.com\\\/wp-content\\\/uploads\\\/2021\\\/12\\\/jobopenings-cover.jpg\",\"contentUrl\":\"https:\\\/\\\/www.farklabs.com\\\/wp-content\\\/uploads\\\/2021\\\/12\\\/jobopenings-cover.jpg\",\"width\":1440,\"height\":480},{\"@type\":\"BreadcrumbList\",\"@id\":\"https:\\\/\\\/www.farklabs.com\\\/tr\\\/bize-ulasin\\\/#breadcrumb\",\"itemListElement\":[{\"@type\":\"ListItem\",\"position\":1,\"name\":\"Home\",\"item\":\"https:\\\/\\\/www.farklabs.com\\\/tr\\\/\"},{\"@type\":\"ListItem\",\"position\":2,\"name\":\"Bize Ula\u015f\u0131n\"}]},{\"@type\":\"WebSite\",\"@id\":\"https:\\\/\\\/www.farklabs.com\\\/#website\",\"url\":\"https:\\\/\\\/www.farklabs.com\\\/\",\"name\":\"Fark Labs\",\"description\":\"Better. Future. Together.\",\"publisher\":{\"@id\":\"https:\\\/\\\/www.farklabs.com\\\/#organization\"},\"potentialAction\":[{\"@type\":\"SearchAction\",\"target\":{\"@type\":\"EntryPoint\",\"urlTemplate\":\"https:\\\/\\\/www.farklabs.com\\\/?s={search_term_string}\"},\"query-input\":{\"@type\":\"PropertyValueSpecification\",\"valueRequired\":true,\"valueName\":\"search_term_string\"}}],\"inLanguage\":\"tr\"},{\"@type\":\"Organization\",\"@id\":\"https:\\\/\\\/www.farklabs.com\\\/#organization\",\"name\":\"Fark Labs\",\"url\":\"https:\\\/\\\/www.farklabs.com\\\/\",\"logo\":{\"@type\":\"ImageObject\",\"inLanguage\":\"tr\",\"@id\":\"https:\\\/\\\/www.farklabs.com\\\/#\\\/schema\\\/logo\\\/image\\\/\",\"url\":\"https:\\\/\\\/www.farklabs.com\\\/wp-content\\\/uploads\\\/2022\\\/04\\\/1-Fark-Labs-logo1.png\",\"contentUrl\":\"https:\\\/\\\/www.farklabs.com\\\/wp-content\\\/uploads\\\/2022\\\/04\\\/1-Fark-Labs-logo1.png\",\"width\":337,\"height\":150,\"caption\":\"Fark Labs\"},\"image\":{\"@id\":\"https:\\\/\\\/www.farklabs.com\\\/#\\\/schema\\\/logo\\\/image\\\/\"},\"sameAs\":[\"https:\\\/\\\/www.facebook.com\\\/farklabs\\\/\",\"https:\\\/\\\/x.com\\\/farklabs\",\"https:\\\/\\\/www.instagram.com\\\/farklabs\\\/\",\"https:\\\/\\\/www.linkedin.com\\\/company\\\/farklabs\\\/\",\"https:\\\/\\\/www.youtube.com\\\/c\\\/farklabs\"]}]}<\/script>\n<!-- \/ Yoast SEO Premium plugin. -->","yoast_head_json":{"title":"Bize Ula\u015f\u0131n - Fark Labs","robots":{"index":"index","follow":"follow","max-snippet":"max-snippet:-1","max-image-preview":"max-image-preview:large","max-video-preview":"max-video-preview:-1"},"canonical":"https:\/\/www.farklabs.com\/tr\/bize-ulasin\/","og_locale":"tr_TR","og_type":"article","og_title":"Bize Ula\u015f\u0131n","og_description":"\u0130leti\u015fim Formu Sizi dinliyoruz. L\u00fctfen formu doldurun.","og_url":"https:\/\/www.farklabs.com\/tr\/bize-ulasin\/","og_site_name":"Fark Labs","article_publisher":"https:\/\/www.facebook.com\/farklabs\/","article_modified_time":"2022-06-22T09:27:35+00:00","og_image":[{"width":1440,"height":480,"url":"https:\/\/www.farklabs.com\/wp-content\/uploads\/2021\/12\/jobopenings-cover.jpg","type":"image\/jpeg"}],"twitter_card":"summary_large_image","twitter_site":"@farklabs","twitter_misc":{"Tahmini okuma s\u00fcresi":"1 dakika"},"schema":{"@context":"https:\/\/schema.org","@graph":[{"@type":"WebPage","@id":"https:\/\/www.farklabs.com\/tr\/bize-ulasin\/","url":"https:\/\/www.farklabs.com\/tr\/bize-ulasin\/","name":"Bize Ula\u015f\u0131n - Fark Labs","isPartOf":{"@id":"https:\/\/www.farklabs.com\/#website"},"primaryImageOfPage":{"@id":"https:\/\/www.farklabs.com\/tr\/bize-ulasin\/#primaryimage"},"image":{"@id":"https:\/\/www.farklabs.com\/tr\/bize-ulasin\/#primaryimage"},"thumbnailUrl":"https:\/\/www.farklabs.com\/wp-content\/uploads\/2021\/12\/jobopenings-cover.jpg","datePublished":"2021-10-04T16:32:33+00:00","dateModified":"2022-06-22T09:27:35+00:00","breadcrumb":{"@id":"https:\/\/www.farklabs.com\/tr\/bize-ulasin\/#breadcrumb"},"inLanguage":"tr","potentialAction":[{"@type":"ReadAction","target":["https:\/\/www.farklabs.com\/tr\/bize-ulasin\/"]}]},{"@type":"ImageObject","inLanguage":"tr","@id":"https:\/\/www.farklabs.com\/tr\/bize-ulasin\/#primaryimage","url":"https:\/\/www.farklabs.com\/wp-content\/uploads\/2021\/12\/jobopenings-cover.jpg","contentUrl":"https:\/\/www.farklabs.com\/wp-content\/uploads\/2021\/12\/jobopenings-cover.jpg","width":1440,"height":480},{"@type":"BreadcrumbList","@id":"https:\/\/www.farklabs.com\/tr\/bize-ulasin\/#breadcrumb","itemListElement":[{"@type":"ListItem","position":1,"name":"Home","item":"https:\/\/www.farklabs.com\/tr\/"},{"@type":"ListItem","position":2,"name":"Bize Ula\u015f\u0131n"}]},{"@type":"WebSite","@id":"https:\/\/www.farklabs.com\/#website","url":"https:\/\/www.farklabs.com\/","name":"Fark Labs","description":"Better. Future. Together.","publisher":{"@id":"https:\/\/www.farklabs.com\/#organization"},"potentialAction":[{"@type":"SearchAction","target":{"@type":"EntryPoint","urlTemplate":"https:\/\/www.farklabs.com\/?s={search_term_string}"},"query-input":{"@type":"PropertyValueSpecification","valueRequired":true,"valueName":"search_term_string"}}],"inLanguage":"tr"},{"@type":"Organization","@id":"https:\/\/www.farklabs.com\/#organization","name":"Fark Labs","url":"https:\/\/www.farklabs.com\/","logo":{"@type":"ImageObject","inLanguage":"tr","@id":"https:\/\/www.farklabs.com\/#\/schema\/logo\/image\/","url":"https:\/\/www.farklabs.com\/wp-content\/uploads\/2022\/04\/1-Fark-Labs-logo1.png","contentUrl":"https:\/\/www.farklabs.com\/wp-content\/uploads\/2022\/04\/1-Fark-Labs-logo1.png","width":337,"height":150,"caption":"Fark Labs"},"image":{"@id":"https:\/\/www.farklabs.com\/#\/schema\/logo\/image\/"},"sameAs":["https:\/\/www.facebook.com\/farklabs\/","https:\/\/x.com\/farklabs","https:\/\/www.instagram.com\/farklabs\/","https:\/\/www.linkedin.com\/company\/farklabs\/","https:\/\/www.youtube.com\/c\/farklabs"]}]}},"_links":{"self":[{"href":"https:\/\/www.farklabs.com\/tr\/wp-json\/wp\/v2\/pages\/7793","targetHints":{"allow":["GET"]}}],"collection":[{"href":"https:\/\/www.farklabs.com\/tr\/wp-json\/wp\/v2\/pages"}],"about":[{"href":"https:\/\/www.farklabs.com\/tr\/wp-json\/wp\/v2\/types\/page"}],"author":[{"embeddable":true,"href":"https:\/\/www.farklabs.com\/tr\/wp-json\/wp\/v2\/users\/1"}],"replies":[{"embeddable":true,"href":"https:\/\/www.farklabs.com\/tr\/wp-json\/wp\/v2\/comments?post=7793"}],"version-history":[{"count":6,"href":"https:\/\/www.farklabs.com\/tr\/wp-json\/wp\/v2\/pages\/7793\/revisions"}],"predecessor-version":[{"id":9804,"href":"https:\/\/www.farklabs.com\/tr\/wp-json\/wp\/v2\/pages\/7793\/revisions\/9804"}],"wp:featuredmedia":[{"embeddable":true,"href":"https:\/\/www.farklabs.com\/tr\/wp-json\/wp\/v2\/media\/7548"}],"wp:attachment":[{"href":"https:\/\/www.farklabs.com\/tr\/wp-json\/wp\/v2\/media?parent=7793"}],"curies":[{"name":"wp","href":"https:\/\/api.w.org\/{rel}","templated":true}]}}